{"id":4056,"date":"2020-11-09T23:22:58","date_gmt":"2020-11-09T23:22:58","guid":{"rendered":"https:\/\/utilmo.com\/?page_id=4056"},"modified":"2024-10-04T14:29:20","modified_gmt":"2024-10-04T14:29:20","slug":"contact","status":"publish","type":"page","link":"https:\/\/utilmo.com\/fr\/contact\/","title":{"rendered":"Contact"},"content":{"rendered":"\t\t<div data-elementor-type=\"wp-page\" data-elementor-id=\"4056\" class=\"elementor elementor-4056 elementor-11\" data-elementor-settings=\"[]\">\n\t\t\t\t\t\t<div class=\"elementor-inner\">\n\t\t\t\t\t\t\t<div class=\"elementor-section-wrap\">\n\t\t\t\t\t\t\t<section class=\"elementor-section elementor-top-section elementor-element elementor-element-98e14dd elementor-section-stretched elementor-section-boxed elementor-section-height-default elementor-section-height-default\" data-id=\"98e14dd\" data-element_type=\"section\" data-settings=\"{&quot;stretch_section&quot;:&quot;section-stretched&quot;,&quot;background_background&quot;:&quot;classic&quot;}\">\n\t\t\t\t\t\t<div class=\"elementor-container elementor-column-gap-default\">\n\t\t\t\t\t\t\t<div class=\"elementor-row\">\n\t\t\t\t\t<div class=\"elementor-column elementor-col-100 elementor-top-column elementor-element elementor-element-dccefa3\" data-id=\"dccefa3\" data-element_type=\"column\">\n\t\t\t<div class=\"elementor-column-wrap elementor-element-populated\">\n\t\t\t\t\t\t\t<div class=\"elementor-widget-wrap\">\n\t\t\t\t\t\t<div class=\"elementor-element elementor-element-ac61ddd elementor-widget elementor-widget-rt-title\" data-id=\"ac61ddd\" data-element_type=\"widget\" data-settings=\"{&quot;_animation_mobile&quot;:&quot;slideInUp&quot;}\" data-widget_type=\"rt-title.default\">\n\t\t\t\t<div class=\"elementor-widget-container\">\n\t\t\t<div class=\"section-default-style section-title-style2\">\n\t<div class=\"section-title-holder no-animation\">\t\n\t\t<div class=\"translate-bottom-50 opacity-animation transition-50 transition-delay-100\">\n\t\t\t\t\t<\/div>\n\t\t<div class=\"translate-bottom-50 opacity-animation transition-50 transition-delay-600\">\n\t\t\t<h2 class=\"rtin-title\">Contactez-nous et acc\u00e9dez \u00e0 tout ce dont vous avez besoin en <span id=\"un-seul-clic\">un seul clic !<\/span><\/h2>\n\t\t<\/div>\n\t\t<div class=\"translate-bottom-50 opacity-animation transition-50 transition-delay-1100\">\n\t\t\t\t\t<\/div>\n\t<\/div>\n<\/div>\t\t<\/div>\n\t\t\t\t<\/div>\n\t\t\t\t\t\t<\/div>\n\t\t\t\t\t<\/div>\n\t\t<\/div>\n\t\t\t\t\t\t\t\t<\/div>\n\t\t\t\t\t<\/div>\n\t\t<\/section>\n\t\t\t\t<section class=\"elementor-section elementor-top-section elementor-element elementor-element-f61948a elementor-section-stretched elementor-section-boxed elementor-section-height-default elementor-section-height-default\" data-id=\"f61948a\" data-element_type=\"section\" data-settings=\"{&quot;stretch_section&quot;:&quot;section-stretched&quot;,&quot;background_background&quot;:&quot;classic&quot;}\">\n\t\t\t\t\t\t<div class=\"elementor-container elementor-column-gap-default\">\n\t\t\t\t\t\t\t<div class=\"elementor-row\">\n\t\t\t\t\t<div class=\"elementor-column elementor-col-33 elementor-top-column elementor-element elementor-element-aa96641\" data-id=\"aa96641\" data-element_type=\"column\">\n\t\t\t<div class=\"elementor-column-wrap elementor-element-populated\">\n\t\t\t\t\t\t\t<div class=\"elementor-widget-wrap\">\n\t\t\t\t\t\t<div class=\"elementor-element elementor-element-439e7f6 elementor-widget elementor-widget-rt-contact-address\" data-id=\"439e7f6\" data-element_type=\"widget\" id=\"contact-address-fr\" data-widget_type=\"rt-contact-address.default\">\n\t\t\t\t<div class=\"elementor-widget-container\">\n\t\t\t\n<div class=\"has-animation\">\n\t<div class=\"rtin-address-default light\">\n\t\t<div class=\"rtin-address-info\">\n\t\t\t\t\t\t\t\t\t\t<div class=\"rtin-address\">\n\t\t\t\t\t\t\t\t\t\t\t<div class=\"rtin-item translate-left-75 opacity-animation transition-150 transition-delay-100\">\n\t\t\t\t\t\t\t\t\t\t\t\t\t\t\t<div class=\"rtin-icon\"><\/div>\n\t\t\t\t\t\t\t\t<div class=\"rtin-info\"><h3>Courriel et t\u00e9l\u00e9phone<\/h3><a href=\"mailto:support@utilmo.ca\">support@utilmo.ca<\/a><br><a href=\"tel:5143602187\">514-360-2187<\/a> <\/div>\n\t\t\t\t\t\t\t\t\t\t\t\t\t<\/div>\n\t\t\t\t\t\t\t\t\t\t\t<div class=\"rtin-item translate-left-75 opacity-animation transition-150 transition-delay-600\">\n\t\t\t\t\t\t\t\t\t\t\t\t\t\t\t<div class=\"rtin-icon\"><\/div>\n\t\t\t\t\t\t\t\t<div class=\"rtin-info\"><h3>Notre emplacement<\/h3><a href=\"#utilmo-map\">3737 Cr\u00e9mazie-Est, #401 <br>Montr\u00e9al, Qc<br><\/a><\/div>\n\t\t\t\t\t\t\t\t\t\t\t\t\t<\/div>\n\t\t\t\t\t\t\t\t\t<\/div>\n\t\t\t\t\t<\/div>\n\t<\/div>\n<\/div>\t\t<\/div>\n\t\t\t\t<\/div>\n\t\t\t\t\t\t<\/div>\n\t\t\t\t\t<\/div>\n\t\t<\/div>\n\t\t\t\t<div class=\"elementor-column elementor-col-66 elementor-top-column elementor-element elementor-element-68752e6\" data-id=\"68752e6\" data-element_type=\"column\">\n\t\t\t<div class=\"elementor-column-wrap elementor-element-populated\">\n\t\t\t\t\t\t\t<div class=\"elementor-widget-wrap\">\n\t\t\t\t\t\t<div class=\"elementor-element elementor-element-cad09e1 contact-page-form elementor-widget elementor-widget-shortcode\" data-id=\"cad09e1\" data-element_type=\"widget\" data-widget_type=\"shortcode.default\">\n\t\t\t\t<div class=\"elementor-widget-container\">\n\t\t\t\t\t<div class=\"elementor-shortcode\">\n<div class=\"wpcf7 no-js\" id=\"wpcf7-f4143-o1\" lang=\"en-US\" dir=\"ltr\">\n<div class=\"screen-reader-response\"><p role=\"status\" aria-live=\"polite\" aria-atomic=\"true\"><\/p> <ul><\/ul><\/div>\n<form action=\"\/fr\/wp-json\/wp\/v2\/pages\/4056#wpcf7-f4143-o1\" method=\"post\" class=\"wpcf7-form init\" aria-label=\"Contact form\" novalidate=\"novalidate\" data-status=\"init\">\n<div style=\"display: none;\">\n<input type=\"hidden\" name=\"_wpcf7\" value=\"4143\" \/>\n<input type=\"hidden\" name=\"_wpcf7_version\" value=\"5.9.8\" \/>\n<input type=\"hidden\" name=\"_wpcf7_locale\" value=\"en_US\" \/>\n<input type=\"hidden\" name=\"_wpcf7_unit_tag\" value=\"wpcf7-f4143-o1\" \/>\n<input type=\"hidden\" name=\"_wpcf7_container_post\" value=\"0\" \/>\n<input type=\"hidden\" name=\"_wpcf7_posted_data_hash\" value=\"\" \/>\n<input type=\"hidden\" name=\"_wpcf7_recaptcha_response\" value=\"\" \/>\n<\/div>\n<div class=\"contact-form\">\n<input class=\"wpcf7-form-control wpcf7-hidden\" value=\"FR\" type=\"hidden\" name=\"your-lang\" \/>\n\t<div class=\"row gutters-10\">\n\t\t<div class=\"col-sm-6\">\n\t\t\t<div class=\"form-group\">\n\t\t\t\t<p><span class=\"wpcf7-form-control-wrap\" data-name=\"your-name\"><input size=\"40\" maxlength=\"400\" class=\"wpcf7-form-control wpcf7-text wpcf7-validates-as-required form-control\" aria-required=\"true\" aria-invalid=\"false\" placeholder=\"Nom*\" value=\"\" type=\"text\" name=\"your-name\" \/><\/span>\n\t\t\t\t<\/p>\n\t\t\t<\/div>\n\t\t<\/div>\n\t\t<div class=\"col-sm-6\">\n\t\t\t<div class=\"form-group\">\n\t\t\t\t<p><span class=\"wpcf7-form-control-wrap\" data-name=\"your-phone\"><input size=\"40\" maxlength=\"400\" class=\"wpcf7-form-control wpcf7-tel wpcf7-validates-as-required wpcf7-text wpcf7-validates-as-tel form-control\" aria-required=\"true\" aria-invalid=\"false\" placeholder=\"Num\u00e9ro de T\u00e9l\u00e9phone*\" value=\"\" type=\"tel\" name=\"your-phone\" \/><\/span>\n\t\t\t\t<\/p>\n\t\t\t<\/div>\n\t\t<\/div>\n\t\t<div class=\"col-sm-12\">\n\t\t\t<div class=\"form-group\">\n\t\t\t\t<p><span class=\"wpcf7-form-control-wrap\" data-name=\"your-email\"><input size=\"40\" maxlength=\"400\" class=\"wpcf7-form-control wpcf7-email wpcf7-validates-as-required wpcf7-text wpcf7-validates-as-email form-control\" aria-required=\"true\" aria-invalid=\"false\" placeholder=\"Courriel*\" value=\"\" type=\"email\" name=\"your-email\" \/><\/span>\n\t\t\t\t<\/p>\n\t\t\t<\/div>\n\t\t<\/div>\n\t\t<div class=\"col-sm-12\">\n\t\t\t<div class=\"form-group\">\n\t\t\t\t<p><span class=\"wpcf7-form-control-wrap\" data-name=\"your-subject\"><input size=\"40\" maxlength=\"400\" class=\"wpcf7-form-control wpcf7-text wpcf7-validates-as-required form-control\" aria-required=\"true\" aria-invalid=\"false\" placeholder=\"Sujet*\" value=\"\" type=\"text\" name=\"your-subject\" \/><\/span>\n\t\t\t\t<\/p>\n\t\t\t<\/div>\n\t\t<\/div>\n\t\t<div class=\"col-sm-12\">\n\t\t\t<div class=\"form-group\">\n\t\t\t\t<p><span class=\"wpcf7-form-control-wrap\" data-name=\"your-message\"><textarea cols=\"40\" rows=\"5\" maxlength=\"2000\" class=\"wpcf7-form-control wpcf7-textarea form-control\" aria-invalid=\"false\" placeholder=\"Message\" name=\"your-message\"><\/textarea><\/span>\n\t\t\t\t<\/p>\n\t\t\t<\/div>\n\t\t<\/div>\n\t\t<div class=\"col-sm-12\">\n\t\t\t<div id=\"contact-us-button\" class=\"form-group text-left\">\n\t\t\t\t<p><button type=\"submit\" class=\"wpcf7-submit button-gradient-1 rectangular\">Envoyer Message<\/button>\n\t\t\t\t<\/p>\n\t\t\t<\/div>\n\t\t<\/div>\n\t\t<div class=\"col-sm-12\">\n\t\t<div class=\"wpcf7-response-output\" aria-hidden=\"true\"><\/div>\n\t\t<\/div>\n\t<\/div>\n<\/div>\n<\/form>\n<\/div>\n<\/div>\n\t\t\t\t<\/div>\n\t\t\t\t<\/div>\n\t\t\t\t\t\t<\/div>\n\t\t\t\t\t<\/div>\n\t\t<\/div>\n\t\t\t\t\t\t\t\t<\/div>\n\t\t\t\t\t<\/div>\n\t\t<\/section>\n\t\t\t\t<section class=\"elementor-section elementor-top-section elementor-element elementor-element-6bcef83 elementor-section-stretched elementor-section-boxed elementor-section-height-default elementor-section-height-default\" data-id=\"6bcef83\" data-element_type=\"section\" data-settings=\"{&quot;stretch_section&quot;:&quot;section-stretched&quot;}\">\n\t\t\t\t\t\t<div class=\"elementor-container elementor-column-gap-default\">\n\t\t\t\t\t\t\t<div class=\"elementor-row\">\n\t\t\t\t\t<div class=\"elementor-column elementor-col-100 elementor-top-column elementor-element elementor-element-050faef\" data-id=\"050faef\" data-element_type=\"column\">\n\t\t\t<div class=\"elementor-column-wrap elementor-element-populated\">\n\t\t\t\t\t\t\t<div class=\"elementor-widget-wrap\">\n\t\t\t\t\t\t<div class=\"elementor-element elementor-element-38f6cc0 elementor-widget elementor-widget-google_maps\" data-id=\"38f6cc0\" data-element_type=\"widget\" id=\"utilmo-map\" data-widget_type=\"google_maps.default\">\n\t\t\t\t<div class=\"elementor-widget-container\">\n\t\t\t<div class=\"elementor-custom-embed\"><iframe frameborder=\"0\" scrolling=\"no\" marginheight=\"0\" marginwidth=\"0\" src=\"https:\/\/maps.google.com\/maps?q=3737%20Cr%C3%A9mazie-Est%2C%20%23401%2C%20Montreal&amp;t=m&amp;z=10&amp;output=embed&amp;iwloc=near\" title=\"3737 Cr\u00e9mazie-Est, #401, Montreal\" aria-label=\"3737 Cr\u00e9mazie-Est, #401, Montreal\"><\/iframe><\/div>\t\t<\/div>\n\t\t\t\t<\/div>\n\t\t\t\t\t\t<\/div>\n\t\t\t\t\t<\/div>\n\t\t<\/div>\n\t\t\t\t\t\t\t\t<\/div>\n\t\t\t\t\t<\/div>\n\t\t<\/section>\n\t\t\t\t<section class=\"elementor-section elementor-top-section elementor-element elementor-element-177a1098 elementor-section-stretched elementor-section-boxed elementor-section-height-default elementor-section-height-default\" data-id=\"177a1098\" data-element_type=\"section\" data-settings=\"{&quot;stretch_section&quot;:&quot;section-stretched&quot;,&quot;background_background&quot;:&quot;classic&quot;}\">\n\t\t\t\t\t\t<div class=\"elementor-container elementor-column-gap-default\">\n\t\t\t\t\t\t\t<div class=\"elementor-row\">\n\t\t\t\t\t<div class=\"elementor-column elementor-col-100 elementor-top-column elementor-element elementor-element-23122f8a\" data-id=\"23122f8a\" data-element_type=\"column\">\n\t\t\t<div class=\"elementor-column-wrap elementor-element-populated\">\n\t\t\t\t\t\t\t<div class=\"elementor-widget-wrap\">\n\t\t\t\t\t\t<div class=\"elementor-element elementor-element-33a0ef92 logo-slider elementor-widget elementor-widget-rt-logo-slider\" data-id=\"33a0ef92\" data-element_type=\"widget\" data-widget_type=\"rt-logo-slider.default\">\n\t\t\t\t<div class=\"elementor-widget-container\">\n\t\t\t<div class=\"no-animation\">\n\t<div class=\"rtin-logo-slider owl-wrap rt-owl-nav-2 \">\n\t\t<div class=\"owl-theme owl-carousel rt-owl-carousel\" data-carousel-options=\"{&quot;nav&quot;:false,&quot;dots&quot;:false,&quot;navText&quot;:[&quot;&lt;i class=&#039;fa fa-angle-left&#039;&gt;&lt;\\\/i&gt;&quot;,&quot;&lt;i class=&#039;fa fa-angle-right&#039;&gt;&lt;\\\/i&gt;&quot;],&quot;autoplay&quot;:false,&quot;autoplayTimeout&quot;:&quot;5000&quot;,&quot;autoplaySpeed&quot;:1200,&quot;autoplayHoverPause&quot;:true,&quot;loop&quot;:true,&quot;margin&quot;:0,&quot;responsive&quot;:{&quot;0&quot;:{&quot;items&quot;:&quot;2&quot;},&quot;480&quot;:{&quot;items&quot;:&quot;2&quot;},&quot;768&quot;:{&quot;items&quot;:&quot;4&quot;},&quot;992&quot;:{&quot;items&quot;:&quot;5&quot;},&quot;1200&quot;:{&quot;items&quot;:&quot;6&quot;}}}\">\n\t\t\t\t\t\t\t\t\t\t\t<div class=\"rtin-item\">\n\t\t\t\t\t<div class=\"translate-bottom-75 opacity-animation transition-150 transition-delay-100\">\n\t\t\t\t\t\t\t\t\t\t\t\t\t<img loading=\"lazy\" width=\"540\" height=\"266\" src=\"https:\/\/utilmo.com\/wp-content\/uploads\/2024\/07\/royal_lepage_logo_2024.png\" class=\"attachment-full size-full\" alt=\"royal lepage\" decoding=\"async\" srcset=\"https:\/\/utilmo.com\/wp-content\/uploads\/2024\/07\/royal_lepage_logo_2024.png 540w, https:\/\/utilmo.com\/wp-content\/uploads\/2024\/07\/royal_lepage_logo_2024-300x148.png 300w\" sizes=\"(max-width: 540px) 100vw, 540px\" \/>\t\t\t\t\t\t\t\t\t\t\t<\/div>\n\t\t\t\t<\/div>\n\t\t\t\t\t\t\t\t\t\t\t<div class=\"rtin-item\">\n\t\t\t\t\t<div class=\"translate-bottom-75 opacity-animation transition-150 transition-delay-400\">\n\t\t\t\t\t\t\t\t\t\t\t\t\t<img loading=\"lazy\" width=\"540\" height=\"266\" src=\"https:\/\/utilmo.com\/wp-content\/uploads\/2024\/07\/sutton_logo_2024-02.png\" class=\"attachment-full size-full\" alt=\"sutton logo\" decoding=\"async\" srcset=\"https:\/\/utilmo.com\/wp-content\/uploads\/2024\/07\/sutton_logo_2024-02.png 540w, https:\/\/utilmo.com\/wp-content\/uploads\/2024\/07\/sutton_logo_2024-02-300x148.png 300w\" sizes=\"(max-width: 540px) 100vw, 540px\" \/>\t\t\t\t\t\t\t\t\t\t\t<\/div>\n\t\t\t\t<\/div>\n\t\t\t\t\t\t\t\t\t\t\t<div class=\"rtin-item\">\n\t\t\t\t\t<div class=\"translate-bottom-75 opacity-animation transition-150 transition-delay-700\">\n\t\t\t\t\t\t\t\t\t\t\t\t\t<img loading=\"lazy\" width=\"540\" height=\"266\" src=\"https:\/\/utilmo.com\/wp-content\/uploads\/2024\/07\/sothebys_logo_2024.png\" class=\"attachment-full size-full\" alt=\"sotheby&#039;s logo\" decoding=\"async\" srcset=\"https:\/\/utilmo.com\/wp-content\/uploads\/2024\/07\/sothebys_logo_2024.png 540w, https:\/\/utilmo.com\/wp-content\/uploads\/2024\/07\/sothebys_logo_2024-300x148.png 300w\" sizes=\"(max-width: 540px) 100vw, 540px\" \/>\t\t\t\t\t\t\t\t\t\t\t<\/div>\n\t\t\t\t<\/div>\n\t\t\t\t\t\t\t\t\t\t\t<div class=\"rtin-item\">\n\t\t\t\t\t<div class=\"translate-bottom-75 opacity-animation transition-150 transition-delay-1000\">\n\t\t\t\t\t\t\t\t\t\t\t\t\t<img loading=\"lazy\" width=\"540\" height=\"266\" src=\"https:\/\/utilmo.com\/wp-content\/uploads\/2024\/07\/exp_logo_2024.png\" class=\"attachment-full size-full\" alt=\"exp logo\" decoding=\"async\" srcset=\"https:\/\/utilmo.com\/wp-content\/uploads\/2024\/07\/exp_logo_2024.png 540w, https:\/\/utilmo.com\/wp-content\/uploads\/2024\/07\/exp_logo_2024-300x148.png 300w\" sizes=\"(max-width: 540px) 100vw, 540px\" \/>\t\t\t\t\t\t\t\t\t\t\t<\/div>\n\t\t\t\t<\/div>\n\t\t\t\t\t\t\t\t\t\t\t<div class=\"rtin-item\">\n\t\t\t\t\t<div class=\"translate-bottom-75 opacity-animation transition-150 transition-delay-1300\">\n\t\t\t\t\t\t\t\t\t\t\t\t\t<img loading=\"lazy\" width=\"540\" height=\"266\" src=\"https:\/\/utilmo.com\/wp-content\/uploads\/2024\/07\/Century_21_logo_2024.png\" class=\"attachment-full size-full\" alt=\"century 21 logo\" decoding=\"async\" srcset=\"https:\/\/utilmo.com\/wp-content\/uploads\/2024\/07\/Century_21_logo_2024.png 540w, https:\/\/utilmo.com\/wp-content\/uploads\/2024\/07\/Century_21_logo_2024-300x148.png 300w\" sizes=\"(max-width: 540px) 100vw, 540px\" \/>\t\t\t\t\t\t\t\t\t\t\t<\/div>\n\t\t\t\t<\/div>\n\t\t\t\t\t\t\t\t\t\t\t<div class=\"rtin-item\">\n\t\t\t\t\t<div class=\"translate-bottom-75 opacity-animation transition-150 transition-delay-1600\">\n\t\t\t\t\t\t\t\t\t\t\t\t\t<img loading=\"lazy\" width=\"540\" height=\"266\" src=\"https:\/\/utilmo.com\/wp-content\/uploads\/2024\/07\/vendirect_logo_2024.png\" class=\"attachment-full size-full\" alt=\"vendirect logo\" decoding=\"async\" srcset=\"https:\/\/utilmo.com\/wp-content\/uploads\/2024\/07\/vendirect_logo_2024.png 540w, https:\/\/utilmo.com\/wp-content\/uploads\/2024\/07\/vendirect_logo_2024-300x148.png 300w\" sizes=\"(max-width: 540px) 100vw, 540px\" \/>\t\t\t\t\t\t\t\t\t\t\t<\/div>\n\t\t\t\t<\/div>\n\t\t\t\t\t\t\t\t\t\t\t<div class=\"rtin-item\">\n\t\t\t\t\t<div class=\"translate-bottom-75 opacity-animation transition-150 transition-delay-1900\">\n\t\t\t\t\t\t\t\t\t\t\t\t\t<img loading=\"lazy\" width=\"540\" height=\"266\" src=\"https:\/\/utilmo.com\/wp-content\/uploads\/2024\/07\/kw_logo_2024.png\" class=\"attachment-full size-full\" alt=\"keller williams logo\" decoding=\"async\" srcset=\"https:\/\/utilmo.com\/wp-content\/uploads\/2024\/07\/kw_logo_2024.png 540w, https:\/\/utilmo.com\/wp-content\/uploads\/2024\/07\/kw_logo_2024-300x148.png 300w\" sizes=\"(max-width: 540px) 100vw, 540px\" \/>\t\t\t\t\t\t\t\t\t\t\t<\/div>\n\t\t\t\t<\/div>\n\t\t\t                      \n\t\t<\/div>\n\t<\/div>\n<\/div>\t\t<\/div>\n\t\t\t\t<\/div>\n\t\t\t\t\t\t<\/div>\n\t\t\t\t\t<\/div>\n\t\t<\/div>\n\t\t\t\t\t\t\t\t<\/div>\n\t\t\t\t\t<\/div>\n\t\t<\/section>\n\t\t\t\t\t\t<\/div>\n\t\t\t\t\t\t<\/div>\n\t\t\t\t\t<\/div>\n\t\t","protected":false},"excerpt":{"rendered":"<p>Contactez-nous et acc\u00e9dez \u00e0 tout ce dont vous avez besoin en un seul clic ! Courriel et t\u00e9l\u00e9phone support@utilmo.ca514-360-2187 Notre emplacement 3737 Cr\u00e9mazie-Est, #401 Montr\u00e9al, Qc<\/p>\n","protected":false},"author":1,"featured_media":0,"parent":0,"menu_order":0,"comment_status":"closed","ping_status":"closed","template":"","meta":{"footnotes":""},"yoast_head":"<!-- This site is optimized with the Yoast SEO plugin v22.6 - https:\/\/yoast.com\/wordpress\/plugins\/seo\/ -->\n<title>Contact | Utilmo<\/title>\n<meta name=\"description\" content=\"Contactez-nous - Courriel: support@utilmo.ca. T\u00e9l\u00e9phone: +1 514-360-2187.\" \/>\n<meta name=\"robots\" content=\"index, follow, max-snippet:-1, max-image-preview:large, max-video-preview:-1\" \/>\n<link rel=\"canonical\" href=\"https:\/\/utilmo.com\/fr\/contact\/\" \/>\n<meta property=\"og:locale\" content=\"fr_FR\" \/>\n<meta property=\"og:type\" content=\"article\" \/>\n<meta property=\"og:title\" content=\"Contact | Utilmo\" \/>\n<meta property=\"og:description\" content=\"Contactez-nous - Courriel: support@utilmo.ca. T\u00e9l\u00e9phone: +1 514-360-2187.\" \/>\n<meta property=\"og:url\" content=\"https:\/\/utilmo.com\/fr\/contact\/\" \/>\n<meta property=\"og:site_name\" content=\"Utilmo\" \/>\n<meta property=\"article:publisher\" content=\"https:\/\/www.facebook.com\/utilmocrm\" \/>\n<meta property=\"article:modified_time\" content=\"2024-10-04T14:29:20+00:00\" \/>\n<meta property=\"og:image\" content=\"https:\/\/utilmo.com\/wp-content\/uploads\/2024\/07\/royal_lepage_logo_2024.png\" \/>\n<meta name=\"twitter:card\" content=\"summary_large_image\" \/>\n<meta name=\"twitter:label1\" content=\"Dur\u00e9e de lecture estim\u00e9e\" \/>\n\t<meta name=\"twitter:data1\" content=\"5 minutes\" \/>\n<script type=\"application\/ld+json\" class=\"yoast-schema-graph\">{\"@context\":\"https:\/\/schema.org\",\"@graph\":[{\"@type\":\"WebPage\",\"@id\":\"https:\/\/utilmo.com\/fr\/contact\/\",\"url\":\"https:\/\/utilmo.com\/fr\/contact\/\",\"name\":\"Contact | Utilmo\",\"isPartOf\":{\"@id\":\"https:\/\/utilmo.com\/fr\/#website\"},\"primaryImageOfPage\":{\"@id\":\"https:\/\/utilmo.com\/fr\/contact\/#primaryimage\"},\"image\":{\"@id\":\"https:\/\/utilmo.com\/fr\/contact\/#primaryimage\"},\"thumbnailUrl\":\"https:\/\/utilmo.com\/wp-content\/uploads\/2024\/07\/royal_lepage_logo_2024.png\",\"datePublished\":\"2020-11-09T23:22:58+00:00\",\"dateModified\":\"2024-10-04T14:29:20+00:00\",\"description\":\"Contactez-nous - Courriel: support@utilmo.ca. T\u00e9l\u00e9phone: +1 514-360-2187.\",\"breadcrumb\":{\"@id\":\"https:\/\/utilmo.com\/fr\/contact\/#breadcrumb\"},\"inLanguage\":\"fr-FR\",\"potentialAction\":[{\"@type\":\"ReadAction\",\"target\":[\"https:\/\/utilmo.com\/fr\/contact\/\"]}]},{\"@type\":\"ImageObject\",\"inLanguage\":\"fr-FR\",\"@id\":\"https:\/\/utilmo.com\/fr\/contact\/#primaryimage\",\"url\":\"https:\/\/utilmo.com\/wp-content\/uploads\/2024\/07\/royal_lepage_logo_2024.png\",\"contentUrl\":\"https:\/\/utilmo.com\/wp-content\/uploads\/2024\/07\/royal_lepage_logo_2024.png\"},{\"@type\":\"BreadcrumbList\",\"@id\":\"https:\/\/utilmo.com\/fr\/contact\/#breadcrumb\",\"itemListElement\":[{\"@type\":\"ListItem\",\"position\":1,\"name\":\"Home\",\"item\":\"https:\/\/utilmo.com\/fr\/\"},{\"@type\":\"ListItem\",\"position\":2,\"name\":\"Contact\"}]},{\"@type\":\"WebSite\",\"@id\":\"https:\/\/utilmo.com\/fr\/#website\",\"url\":\"https:\/\/utilmo.com\/fr\/\",\"name\":\"Real Estate CRM - Utilmo\",\"description\":\"Real Estate CRM\",\"publisher\":{\"@id\":\"https:\/\/utilmo.com\/fr\/#organization\"},\"alternateName\":\"Utilmo\",\"potentialAction\":[{\"@type\":\"SearchAction\",\"target\":{\"@type\":\"EntryPoint\",\"urlTemplate\":\"https:\/\/utilmo.com\/fr\/?s={search_term_string}\"},\"query-input\":\"required name=search_term_string\"}],\"inLanguage\":\"fr-FR\"},{\"@type\":\"Organization\",\"@id\":\"https:\/\/utilmo.com\/fr\/#organization\",\"name\":\"Real Estate CRM - Utilmo\",\"alternateName\":\"Utilmo\",\"url\":\"https:\/\/utilmo.com\/fr\/\",\"logo\":{\"@type\":\"ImageObject\",\"inLanguage\":\"fr-FR\",\"@id\":\"https:\/\/utilmo.com\/fr\/#\/schema\/logo\/image\/\",\"url\":\"https:\/\/utilmo.com\/wp-content\/uploads\/2024\/08\/logo_2024.png\",\"contentUrl\":\"https:\/\/utilmo.com\/wp-content\/uploads\/2024\/08\/logo_2024.png\",\"width\":300,\"height\":90,\"caption\":\"Real Estate CRM - Utilmo\"},\"image\":{\"@id\":\"https:\/\/utilmo.com\/fr\/#\/schema\/logo\/image\/\"},\"sameAs\":[\"https:\/\/www.facebook.com\/utilmocrm\"]}]}<\/script>\n<!-- \/ Yoast SEO plugin. -->","yoast_head_json":{"title":"Contact | Utilmo","description":"Contactez-nous - Courriel: support@utilmo.ca. T\u00e9l\u00e9phone: +1 514-360-2187.","robots":{"index":"index","follow":"follow","max-snippet":"max-snippet:-1","max-image-preview":"max-image-preview:large","max-video-preview":"max-video-preview:-1"},"canonical":"https:\/\/utilmo.com\/fr\/contact\/","og_locale":"fr_FR","og_type":"article","og_title":"Contact | Utilmo","og_description":"Contactez-nous - Courriel: support@utilmo.ca. T\u00e9l\u00e9phone: +1 514-360-2187.","og_url":"https:\/\/utilmo.com\/fr\/contact\/","og_site_name":"Utilmo","article_publisher":"https:\/\/www.facebook.com\/utilmocrm","article_modified_time":"2024-10-04T14:29:20+00:00","og_image":[{"url":"https:\/\/utilmo.com\/wp-content\/uploads\/2024\/07\/royal_lepage_logo_2024.png"}],"twitter_card":"summary_large_image","twitter_misc":{"Dur\u00e9e de lecture estim\u00e9e":"5 minutes"},"schema":{"@context":"https:\/\/schema.org","@graph":[{"@type":"WebPage","@id":"https:\/\/utilmo.com\/fr\/contact\/","url":"https:\/\/utilmo.com\/fr\/contact\/","name":"Contact | Utilmo","isPartOf":{"@id":"https:\/\/utilmo.com\/fr\/#website"},"primaryImageOfPage":{"@id":"https:\/\/utilmo.com\/fr\/contact\/#primaryimage"},"image":{"@id":"https:\/\/utilmo.com\/fr\/contact\/#primaryimage"},"thumbnailUrl":"https:\/\/utilmo.com\/wp-content\/uploads\/2024\/07\/royal_lepage_logo_2024.png","datePublished":"2020-11-09T23:22:58+00:00","dateModified":"2024-10-04T14:29:20+00:00","description":"Contactez-nous - Courriel: support@utilmo.ca. T\u00e9l\u00e9phone: +1 514-360-2187.","breadcrumb":{"@id":"https:\/\/utilmo.com\/fr\/contact\/#breadcrumb"},"inLanguage":"fr-FR","potentialAction":[{"@type":"ReadAction","target":["https:\/\/utilmo.com\/fr\/contact\/"]}]},{"@type":"ImageObject","inLanguage":"fr-FR","@id":"https:\/\/utilmo.com\/fr\/contact\/#primaryimage","url":"https:\/\/utilmo.com\/wp-content\/uploads\/2024\/07\/royal_lepage_logo_2024.png","contentUrl":"https:\/\/utilmo.com\/wp-content\/uploads\/2024\/07\/royal_lepage_logo_2024.png"},{"@type":"BreadcrumbList","@id":"https:\/\/utilmo.com\/fr\/contact\/#breadcrumb","itemListElement":[{"@type":"ListItem","position":1,"name":"Home","item":"https:\/\/utilmo.com\/fr\/"},{"@type":"ListItem","position":2,"name":"Contact"}]},{"@type":"WebSite","@id":"https:\/\/utilmo.com\/fr\/#website","url":"https:\/\/utilmo.com\/fr\/","name":"Real Estate CRM - Utilmo","description":"Real Estate CRM","publisher":{"@id":"https:\/\/utilmo.com\/fr\/#organization"},"alternateName":"Utilmo","potentialAction":[{"@type":"SearchAction","target":{"@type":"EntryPoint","urlTemplate":"https:\/\/utilmo.com\/fr\/?s={search_term_string}"},"query-input":"required name=search_term_string"}],"inLanguage":"fr-FR"},{"@type":"Organization","@id":"https:\/\/utilmo.com\/fr\/#organization","name":"Real Estate CRM - Utilmo","alternateName":"Utilmo","url":"https:\/\/utilmo.com\/fr\/","logo":{"@type":"ImageObject","inLanguage":"fr-FR","@id":"https:\/\/utilmo.com\/fr\/#\/schema\/logo\/image\/","url":"https:\/\/utilmo.com\/wp-content\/uploads\/2024\/08\/logo_2024.png","contentUrl":"https:\/\/utilmo.com\/wp-content\/uploads\/2024\/08\/logo_2024.png","width":300,"height":90,"caption":"Real Estate CRM - Utilmo"},"image":{"@id":"https:\/\/utilmo.com\/fr\/#\/schema\/logo\/image\/"},"sameAs":["https:\/\/www.facebook.com\/utilmocrm"]}]}},"_links":{"self":[{"href":"https:\/\/utilmo.com\/fr\/wp-json\/wp\/v2\/pages\/4056"}],"collection":[{"href":"https:\/\/utilmo.com\/fr\/wp-json\/wp\/v2\/pages"}],"about":[{"href":"https:\/\/utilmo.com\/fr\/wp-json\/wp\/v2\/types\/page"}],"author":[{"embeddable":true,"href":"https:\/\/utilmo.com\/fr\/wp-json\/wp\/v2\/users\/1"}],"replies":[{"embeddable":true,"href":"https:\/\/utilmo.com\/fr\/wp-json\/wp\/v2\/comments?post=4056"}],"version-history":[{"count":61,"href":"https:\/\/utilmo.com\/fr\/wp-json\/wp\/v2\/pages\/4056\/revisions"}],"predecessor-version":[{"id":8975,"href":"https:\/\/utilmo.com\/fr\/wp-json\/wp\/v2\/pages\/4056\/revisions\/8975"}],"wp:attachment":[{"href":"https:\/\/utilmo.com\/fr\/wp-json\/wp\/v2\/media?parent=4056"}],"curies":[{"name":"wp","href":"https:\/\/api.w.org\/{rel}","templated":true}]}}