{"id":5299,"date":"2021-06-15T18:39:10","date_gmt":"2021-06-15T18:39:10","guid":{"rendered":"https:\/\/utilmo.com\/politique-de-confidentialite\/"},"modified":"2025-11-28T16:23:50","modified_gmt":"2025-11-28T16:23:50","slug":"politique-de-confidentialite","status":"publish","type":"page","link":"https:\/\/utilmo.com\/fr\/politique-de-confidentialite\/","title":{"rendered":"Politique de confidentialit\u00e9"},"content":{"rendered":"\t\t<div data-elementor-type=\"wp-page\" data-elementor-id=\"5299\" class=\"elementor elementor-5299 elementor-5282\" data-elementor-settings=\"[]\">\n\t\t\t\t\t\t<div class=\"elementor-inner\">\n\t\t\t\t\t\t\t<div class=\"elementor-section-wrap\">\n\t\t\t\t\t\t\t<section class=\"elementor-section elementor-top-section elementor-element elementor-element-15a747c elementor-section-boxed elementor-section-height-default elementor-section-height-default\" data-id=\"15a747c\" data-element_type=\"section\">\n\t\t\t\t\t\t<div class=\"elementor-container elementor-column-gap-default\">\n\t\t\t\t\t\t\t<div class=\"elementor-row\">\n\t\t\t\t\t<div class=\"elementor-column elementor-col-100 elementor-top-column elementor-element elementor-element-1faa103\" data-id=\"1faa103\" data-element_type=\"column\">\n\t\t\t<div class=\"elementor-column-wrap elementor-element-populated\">\n\t\t\t\t\t\t\t<div class=\"elementor-widget-wrap\">\n\t\t\t\t\t\t<div class=\"elementor-element elementor-element-ac087b4 elementor-widget elementor-widget-text-editor\" data-id=\"ac087b4\" data-element_type=\"widget\" data-widget_type=\"text-editor.default\">\n\t\t\t\t<div class=\"elementor-widget-container\">\n\t\t\t\t\t<div class=\"elementor-text-editor elementor-clearfix\"><h2>Politique de confidentialit\u00e9<\/h2><p>Cette politique de confidentialit\u00e9 r\u00e9git la mani\u00e8re dont <a href=\"https:\/\/www.marketingwebsites.ca\/\">Marketing Websites <\/a>collecte, utilise, conserve et divulgue les informations recueillies aupr\u00e8s des utilisateurs.<\/p><h3>Informations d\u2019identification personnelle<\/h3><p>Nous pouvons collecter des informations d\u2019identification personnelle aupr\u00e8s des utilisateurs de diff\u00e9rentes mani\u00e8res, notamment lorsque l\u2019utilisateur visite notre site, s\u2019enregistre sur le site, s\u2019abonne \u00e0 l\u2019infolettre, remplit un formulaire, et en relation avec d\u2019autres activit\u00e9s, services, fonctionnalit\u00e9s ou ressources que nous mettons \u00e0 votre disposition sur notre site. Les utilisateurs peuvent \u00eatre invit\u00e9s \u00e0 indiquer, le cas \u00e9ch\u00e9ant, leur nom, leur adresse \u00e9lectronique, leur adresse postale et leur num\u00e9ro de t\u00e9l\u00e9phone. Les utilisateurs peuvent toutefois visiter notre site de mani\u00e8re anonyme. Nous collectons des informations d\u2019identification personnelle aupr\u00e8s des utilisateurs uniquement s\u2019ils nous les soumettent volontairement. Les utilisateurs peuvent toujours refuser de fournir des informations d\u2019identification personnelles, sauf que cela peut les emp\u00eacher de participer \u00e0 certaines activit\u00e9s li\u00e9es au site.<\/p><h3>Informations d\u2019identification non personnelles<\/h3><p>Nous pouvons collecter des informations d\u2019identification non personnelles sur les utilisateurs chaque fois qu\u2019ils interagissent avec notre site. Les informations d\u2019identification non personnelles peuvent inclure le nom du navigateur, le type d\u2019ordinateur et des informations techniques sur les moyens de connexion des utilisateurs \u00e0 notre site telles que le syst\u00e8me d\u2019exploitation et les fournisseurs de services Internet utilis\u00e9s, ainsi que d\u2019autres informations similaires.<\/p><h3>Donn\u00e9es Google (Gmail, Calendrier) et conservation des donn\u00e9es<\/h3><p>Lorsque vous connectez votre compte Google (par exemple Gmail ou Google Agenda) \u00e0 <strong>Utilmo<\/strong>, nous obtenons uniquement les informations n\u00e9cessaires pour vous afficher vos courriels et vos \u00e9v\u00e9nements \u00e0 l\u2019int\u00e9rieur de votre compte Utilmo.<\/p><p>Concr\u00e8tement, nous stockons uniquement :<\/p><ul><li>Votre adresse courriel Google et, le cas \u00e9ch\u00e9ant, vos identifiants de calendrier (calendarId) ;<\/li><li>Les jetons d\u2019acc\u00e8s (tokens) fournis par Google, qui nous permettent d\u2019acc\u00e9der \u00e0 vos donn\u00e9es en votre nom lorsque vous utilisez l\u2019application.<\/li><\/ul><p>Nous ne stockons pas de fa\u00e7on permanente le contenu de vos courriels ni le d\u00e9tail de vos \u00e9v\u00e9nements de calendrier sur nos serveurs. Ces donn\u00e9es sont r\u00e9cup\u00e9r\u00e9es en temps r\u00e9el aupr\u00e8s de Google lorsque vous consultez votre compte, et affich\u00e9es uniquement pour vous.<\/p><h3>Conservation et suppression des donn\u00e9es Google<\/h3><p>Nous conservons les jetons d\u2019acc\u00e8s Google et les identifiants associ\u00e9s uniquement pendant la dur\u00e9e o\u00f9 votre compte Google reste connect\u00e9 \u00e0 votre compte <strong>Utilmo<\/strong>. Nous ne conservons pas ces informations plus longtemps que n\u00e9cessaire aux fins d\u00e9crites dans la pr\u00e9sente politique, sauf si une dur\u00e9e de conservation plus longue est requise ou permise par la loi.<\/p><p>Vous pouvez \u00e0 tout moment supprimer la connexion avec votre compte Google depuis la page des param\u00e8tres de votre compte. Lorsque vous retirez l\u2019acc\u00e8s \u00e0 Gmail\/Agenda ou supprimez votre compte, nous supprimons les jetons Google et les identifiants associ\u00e9s dans un d\u00e9lai raisonnable.<\/p><p>Vous pouvez aussi r\u00e9voquer notre acc\u00e8s directement dans votre compte Google \u00e0 l\u2019adresse suivante : <a href=\"https:\/\/myaccount.google.com\/permissions\" target=\"_blank\" rel=\"noopener\"> https:\/\/myaccount.google.com\/permissions<\/a>, ou demander la suppression de vos donn\u00e9es en nous \u00e9crivant \u00e0 <strong>support@utilmo.ca<\/strong>.<\/p><h3>Cookies de navigateur Web<\/h3><p>Notre site peut utiliser des \u00abcookies\u00bb pour am\u00e9liorer l\u2019exp\u00e9rience de l\u2019utilisateur. Le navigateur Web de l\u2019utilisateur place des cookies sur son disque dur \u00e0 des fins d\u2019archivage et parfois de suivi des informations le concernant. L\u2019utilisateur peut choisir de configurer son navigateur Web pour refuser les cookies ou pour vous avertir lorsque des cookies sont envoy\u00e9s. S\u2019il le fait, notez que certaines parties du site peuvent ne pas fonctionner correctement.<\/p><h3>Comment prot\u00e9geons-nous vos informations?<\/h3><p>Nous adoptons des pratiques appropri\u00e9es de collecte, de stockage et de traitement des donn\u00e9es, ainsi que des mesures de s\u00e9curit\u00e9 afin d\u2019\u00e9viter tout acc\u00e8s, toute modification, toute divulgation, destruction ou destruction non autoris\u00e9e de vos informations personnelles, nom d\u2019utilisateur, mot de passe, informations de transaction et donn\u00e9es stock\u00e9es sur notre site.<\/p><h3>Partage de vos informations personnelles<\/h3><p>Nous ne vendons, n\u2019\u00e9changeons ni ne louons les informations d\u2019identification personnelle des utilisateurs \u00e0 des tiers. Nous pouvons partager des informations d\u00e9mographiques non li\u00e9es \u00e0 des informations d\u2019identification personnelle concernant les visiteurs et les utilisateurs avec nos partenaires commerciaux, nos soci\u00e9t\u00e9s affili\u00e9es de confiance et nos annonceurs aux fins d\u00e9crites ci-dessus.<\/p><h3>Quelles informations recueillons-nous et conservons-nous ?<\/h3><p>Nous recueillons le profil public du compte Google de l&#8217;utilisateur, y compris son adresse courriel et son nom. Nous recueillons \u00e9galement les informations relatives \u00e0 l&#8217;agenda Google de l&#8217;utilisateur et tous les \u00e9v\u00e9nements. Nous r\u00e9cup\u00e9rons uniquement ces informations \u00e0 partir des donn\u00e9es de l&#8217;utilisateur de Google, rien n&#8217;est stock\u00e9 sur notre serveur.<\/p><h3>Comment utilisons-nous les informations<\/h3><p>Utilmo collecte le profil public de l&#8217;utilisateur pour l&#8217;afficher au m\u00eame utilisateur, afin d&#8217;aider l&#8217;utilisateur \u00e0 identifier quel compte Google est actuellement connect\u00e9 \u00e0 utilmo. Nous collectons le calendrier Google de l&#8217;utilisateur et les informations sur les \u00e9v\u00e9nements pour les afficher sur le calendrier de l&#8217;application, afin d&#8217;aider l&#8217;utilisateur \u00e0 g\u00e9rer et \u00e0 organiser ses propres t\u00e2ches avec la meilleure visibilit\u00e9 globale. Lorsque l&#8217;utilisateur connecte son compte Google \u00e0 l&#8217;application, les t\u00e2ches de l&#8217;application sont synchronis\u00e9es avec l&#8217;agenda Google, sous un nouvel agenda Google &#8220;utilmo&#8221;.<\/p><h3>Quelles informations partageons-nous ?<\/h3><p>Nous ne partageons aucune des informations du compte Google de l&#8217;utilisateur avec des tiers ou avec d&#8217;autres utilisateurs.<\/p><h3>Sites Web de tiers<\/h3><p>Les utilisateurs peuvent trouver sur notre site des publicit\u00e9s ou tout autre contenu renvoyant aux sites et services de nos partenaires, fournisseurs, annonceurs, commanditaires, donneurs de licence et autres tiers. Nous ne contr\u00f4lons pas le contenu ou les liens qui apparaissent sur ces sites et ne sommes pas responsables des pratiques suivies par les sites Web li\u00e9s \u00e0 notre site ou \u00e0 partir de celui-ci. De plus, ces sites ou services, y compris leur contenu et leurs liens, peuvent \u00eatre en constante \u00e9volution. Ces sites et services peuvent avoir leurs propres politiques de confidentialit\u00e9 et de service \u00e0 la client\u00e8le. La navigation et les interactions sur tout autre site Web, y compris les sites Web comportant un lien vers notre site, sont soumises aux propres conditions et politiques de ce site Web.<\/p><h3>Modifications de cette politique de confidentialit\u00e9<\/h3><p>Nous avons le pouvoir discr\u00e9tionnaire de mettre \u00e0 jour cette politique de confidentialit\u00e9 \u00e0 tout moment. Nous encourageons les utilisateurs \u00e0 consulter r\u00e9guli\u00e8rement cette page afin de rester inform\u00e9s de la mani\u00e8re dont nous aidons \u00e0 prot\u00e9ger les informations personnelles que nous recueillons. Vous reconnaissez et acceptez qu\u2019il est de votre responsabilit\u00e9 de lire cette politique de confidentialit\u00e9 p\u00e9riodiquement et de prendre connaissance des modifications.<\/p><h3>Votre acceptation de ces conditions<\/h3><p>En utilisant ce site, vous reconnaissez avoir accept\u00e9 cette politique. Si vous n\u2019acceptez pas cette politique, veuillez ne pas utiliser notre site. Votre utilisation continue du site apr\u00e8s la publication de modifications de cette politique sera consid\u00e9r\u00e9e comme votre acceptation<br \/>de ces modifications.<\/p><h3>Nous contacter<\/h3><p>Si vous avez des questions concernant cette politique de confidentialit\u00e9,<br \/>veuillez nous contacter:<br \/><br \/>Utilmo<br \/><br \/><a href=\"https:\/\/www.utilmo.com\/fr\" data-mil=\"3\">www.utilmo.com<\/a><br \/><br \/>Telephone: +1-514-360-2187<br \/><br \/><a href=\"mailto:support@utilmo.com\">support@utilmo.com<\/a><\/p><\/div>\n\t\t\t\t<\/div>\n\t\t\t\t<\/div>\n\t\t\t\t\t\t<\/div>\n\t\t\t\t\t<\/div>\n\t\t<\/div>\n\t\t\t\t\t\t\t\t<\/div>\n\t\t\t\t\t<\/div>\n\t\t<\/section>\n\t\t\t\t\t\t<\/div>\n\t\t\t\t\t\t<\/div>\n\t\t\t\t\t<\/div>\n\t\t","protected":false},"excerpt":{"rendered":"<p>Politique de confidentialit\u00e9 Cette politique de confidentialit\u00e9 r\u00e9git la mani\u00e8re dont Marketing Websites collecte, utilise, conserve et divulgue les informations recueillies aupr\u00e8s des utilisateurs. Informations d\u2019identification personnelle Nous pouvons collecter des informations d\u2019identification personnelle aupr\u00e8s des utilisateurs de diff\u00e9rentes mani\u00e8res, notamment lorsque l\u2019utilisateur visite notre site, s\u2019enregistre sur le site, s\u2019abonne \u00e0 l\u2019infolettre, remplit un [&hellip;]<\/p>\n","protected":false},"author":1,"featured_media":0,"parent":0,"menu_order":0,"comment_status":"closed","ping_status":"closed","template":"","meta":{"footnotes":""},"yoast_head":"<!-- This site is optimized with the Yoast SEO plugin v22.6 - https:\/\/yoast.com\/wordpress\/plugins\/seo\/ -->\n<title>Politique de confidentialit\u00e9 | Utilmo<\/title>\n<meta name=\"robots\" content=\"index, follow, max-snippet:-1, max-image-preview:large, max-video-preview:-1\" \/>\n<link rel=\"canonical\" href=\"https:\/\/utilmo.com\/fr\/politique-de-confidentialite\/\" \/>\n<meta property=\"og:locale\" content=\"fr_FR\" \/>\n<meta property=\"og:type\" content=\"article\" \/>\n<meta property=\"og:title\" content=\"Politique de confidentialit\u00e9 | Utilmo\" \/>\n<meta property=\"og:description\" content=\"Politique de confidentialit\u00e9 Cette politique de confidentialit\u00e9 r\u00e9git la mani\u00e8re dont Marketing Websites collecte, utilise, conserve et divulgue les informations recueillies aupr\u00e8s des utilisateurs. Informations d\u2019identification personnelle Nous pouvons collecter des informations d\u2019identification personnelle aupr\u00e8s des utilisateurs de diff\u00e9rentes mani\u00e8res, notamment lorsque l\u2019utilisateur visite notre site, s\u2019enregistre sur le site, s\u2019abonne \u00e0 l\u2019infolettre, remplit un [&hellip;]\" \/>\n<meta property=\"og:url\" content=\"https:\/\/utilmo.com\/fr\/politique-de-confidentialite\/\" \/>\n<meta property=\"og:site_name\" content=\"Utilmo\" \/>\n<meta property=\"article:publisher\" content=\"https:\/\/www.facebook.com\/utilmocrm\" \/>\n<meta property=\"article:modified_time\" content=\"2025-11-28T16:23:50+00:00\" \/>\n<meta property=\"og:image\" content=\"https:\/\/utilmo.com\/wp-content\/uploads\/2024\/08\/logo_2024.png\" \/>\n\t<meta property=\"og:image:width\" content=\"300\" \/>\n\t<meta property=\"og:image:height\" content=\"90\" \/>\n\t<meta property=\"og:image:type\" content=\"image\/png\" \/>\n<meta name=\"twitter:card\" content=\"summary_large_image\" \/>\n<meta name=\"twitter:label1\" content=\"Dur\u00e9e de lecture estim\u00e9e\" \/>\n\t<meta name=\"twitter:data1\" content=\"6 minutes\" \/>\n<script type=\"application\/ld+json\" class=\"yoast-schema-graph\">{\"@context\":\"https:\/\/schema.org\",\"@graph\":[{\"@type\":\"WebPage\",\"@id\":\"https:\/\/utilmo.com\/fr\/politique-de-confidentialite\/\",\"url\":\"https:\/\/utilmo.com\/fr\/politique-de-confidentialite\/\",\"name\":\"Politique de confidentialit\u00e9 | Utilmo\",\"isPartOf\":{\"@id\":\"https:\/\/utilmo.com\/fr\/#website\"},\"datePublished\":\"2021-06-15T18:39:10+00:00\",\"dateModified\":\"2025-11-28T16:23:50+00:00\",\"breadcrumb\":{\"@id\":\"https:\/\/utilmo.com\/fr\/politique-de-confidentialite\/#breadcrumb\"},\"inLanguage\":\"fr-FR\",\"potentialAction\":[{\"@type\":\"ReadAction\",\"target\":[\"https:\/\/utilmo.com\/fr\/politique-de-confidentialite\/\"]}]},{\"@type\":\"BreadcrumbList\",\"@id\":\"https:\/\/utilmo.com\/fr\/politique-de-confidentialite\/#breadcrumb\",\"itemListElement\":[{\"@type\":\"ListItem\",\"position\":1,\"name\":\"Home\",\"item\":\"https:\/\/utilmo.com\/fr\/\"},{\"@type\":\"ListItem\",\"position\":2,\"name\":\"Politique de confidentialit\u00e9\"}]},{\"@type\":\"WebSite\",\"@id\":\"https:\/\/utilmo.com\/fr\/#website\",\"url\":\"https:\/\/utilmo.com\/fr\/\",\"name\":\"Real Estate CRM - Utilmo\",\"description\":\"Real Estate CRM\",\"publisher\":{\"@id\":\"https:\/\/utilmo.com\/fr\/#organization\"},\"alternateName\":\"Utilmo\",\"potentialAction\":[{\"@type\":\"SearchAction\",\"target\":{\"@type\":\"EntryPoint\",\"urlTemplate\":\"https:\/\/utilmo.com\/fr\/?s={search_term_string}\"},\"query-input\":\"required name=search_term_string\"}],\"inLanguage\":\"fr-FR\"},{\"@type\":\"Organization\",\"@id\":\"https:\/\/utilmo.com\/fr\/#organization\",\"name\":\"Real Estate CRM - Utilmo\",\"alternateName\":\"Utilmo\",\"url\":\"https:\/\/utilmo.com\/fr\/\",\"logo\":{\"@type\":\"ImageObject\",\"inLanguage\":\"fr-FR\",\"@id\":\"https:\/\/utilmo.com\/fr\/#\/schema\/logo\/image\/\",\"url\":\"https:\/\/utilmo.com\/wp-content\/uploads\/2024\/08\/logo_2024.png\",\"contentUrl\":\"https:\/\/utilmo.com\/wp-content\/uploads\/2024\/08\/logo_2024.png\",\"width\":300,\"height\":90,\"caption\":\"Real Estate CRM - Utilmo\"},\"image\":{\"@id\":\"https:\/\/utilmo.com\/fr\/#\/schema\/logo\/image\/\"},\"sameAs\":[\"https:\/\/www.facebook.com\/utilmocrm\"]}]}<\/script>\n<!-- \/ Yoast SEO plugin. -->","yoast_head_json":{"title":"Politique de confidentialit\u00e9 | Utilmo","robots":{"index":"index","follow":"follow","max-snippet":"max-snippet:-1","max-image-preview":"max-image-preview:large","max-video-preview":"max-video-preview:-1"},"canonical":"https:\/\/utilmo.com\/fr\/politique-de-confidentialite\/","og_locale":"fr_FR","og_type":"article","og_title":"Politique de confidentialit\u00e9 | Utilmo","og_description":"Politique de confidentialit\u00e9 Cette politique de confidentialit\u00e9 r\u00e9git la mani\u00e8re dont Marketing Websites collecte, utilise, conserve et divulgue les informations recueillies aupr\u00e8s des utilisateurs. Informations d\u2019identification personnelle Nous pouvons collecter des informations d\u2019identification personnelle aupr\u00e8s des utilisateurs de diff\u00e9rentes mani\u00e8res, notamment lorsque l\u2019utilisateur visite notre site, s\u2019enregistre sur le site, s\u2019abonne \u00e0 l\u2019infolettre, remplit un [&hellip;]","og_url":"https:\/\/utilmo.com\/fr\/politique-de-confidentialite\/","og_site_name":"Utilmo","article_publisher":"https:\/\/www.facebook.com\/utilmocrm","article_modified_time":"2025-11-28T16:23:50+00:00","og_image":[{"width":300,"height":90,"url":"https:\/\/utilmo.com\/wp-content\/uploads\/2024\/08\/logo_2024.png","type":"image\/png"}],"twitter_card":"summary_large_image","twitter_misc":{"Dur\u00e9e de lecture estim\u00e9e":"6 minutes"},"schema":{"@context":"https:\/\/schema.org","@graph":[{"@type":"WebPage","@id":"https:\/\/utilmo.com\/fr\/politique-de-confidentialite\/","url":"https:\/\/utilmo.com\/fr\/politique-de-confidentialite\/","name":"Politique de confidentialit\u00e9 | Utilmo","isPartOf":{"@id":"https:\/\/utilmo.com\/fr\/#website"},"datePublished":"2021-06-15T18:39:10+00:00","dateModified":"2025-11-28T16:23:50+00:00","breadcrumb":{"@id":"https:\/\/utilmo.com\/fr\/politique-de-confidentialite\/#breadcrumb"},"inLanguage":"fr-FR","potentialAction":[{"@type":"ReadAction","target":["https:\/\/utilmo.com\/fr\/politique-de-confidentialite\/"]}]},{"@type":"BreadcrumbList","@id":"https:\/\/utilmo.com\/fr\/politique-de-confidentialite\/#breadcrumb","itemListElement":[{"@type":"ListItem","position":1,"name":"Home","item":"https:\/\/utilmo.com\/fr\/"},{"@type":"ListItem","position":2,"name":"Politique de confidentialit\u00e9"}]},{"@type":"WebSite","@id":"https:\/\/utilmo.com\/fr\/#website","url":"https:\/\/utilmo.com\/fr\/","name":"Real Estate CRM - Utilmo","description":"Real Estate CRM","publisher":{"@id":"https:\/\/utilmo.com\/fr\/#organization"},"alternateName":"Utilmo","potentialAction":[{"@type":"SearchAction","target":{"@type":"EntryPoint","urlTemplate":"https:\/\/utilmo.com\/fr\/?s={search_term_string}"},"query-input":"required name=search_term_string"}],"inLanguage":"fr-FR"},{"@type":"Organization","@id":"https:\/\/utilmo.com\/fr\/#organization","name":"Real Estate CRM - Utilmo","alternateName":"Utilmo","url":"https:\/\/utilmo.com\/fr\/","logo":{"@type":"ImageObject","inLanguage":"fr-FR","@id":"https:\/\/utilmo.com\/fr\/#\/schema\/logo\/image\/","url":"https:\/\/utilmo.com\/wp-content\/uploads\/2024\/08\/logo_2024.png","contentUrl":"https:\/\/utilmo.com\/wp-content\/uploads\/2024\/08\/logo_2024.png","width":300,"height":90,"caption":"Real Estate CRM - Utilmo"},"image":{"@id":"https:\/\/utilmo.com\/fr\/#\/schema\/logo\/image\/"},"sameAs":["https:\/\/www.facebook.com\/utilmocrm"]}]}},"_links":{"self":[{"href":"https:\/\/utilmo.com\/fr\/wp-json\/wp\/v2\/pages\/5299"}],"collection":[{"href":"https:\/\/utilmo.com\/fr\/wp-json\/wp\/v2\/pages"}],"about":[{"href":"https:\/\/utilmo.com\/fr\/wp-json\/wp\/v2\/types\/page"}],"author":[{"embeddable":true,"href":"https:\/\/utilmo.com\/fr\/wp-json\/wp\/v2\/users\/1"}],"replies":[{"embeddable":true,"href":"https:\/\/utilmo.com\/fr\/wp-json\/wp\/v2\/comments?post=5299"}],"version-history":[{"count":19,"href":"https:\/\/utilmo.com\/fr\/wp-json\/wp\/v2\/pages\/5299\/revisions"}],"predecessor-version":[{"id":10029,"href":"https:\/\/utilmo.com\/fr\/wp-json\/wp\/v2\/pages\/5299\/revisions\/10029"}],"wp:attachment":[{"href":"https:\/\/utilmo.com\/fr\/wp-json\/wp\/v2\/media?parent=5299"}],"curies":[{"name":"wp","href":"https:\/\/api.w.org\/{rel}","templated":true}]}}