{"id":5618,"date":"2022-05-13T21:43:14","date_gmt":"2022-05-13T21:43:14","guid":{"rendered":"https:\/\/utilmo.com\/?page_id=5618"},"modified":"2022-09-15T19:54:16","modified_gmt":"2022-09-15T19:54:16","slug":"demo","status":"publish","type":"page","link":"https:\/\/utilmo.com\/fr\/demo\/","title":{"rendered":"D\u00e9mo"},"content":{"rendered":"\t\t<div data-elementor-type=\"wp-page\" data-elementor-id=\"5618\" class=\"elementor elementor-5618 elementor-5617\" data-elementor-settings=\"[]\">\n\t\t\t\t\t\t<div class=\"elementor-inner\">\n\t\t\t\t\t\t\t<div class=\"elementor-section-wrap\">\n\t\t\t\t\t\t\t<section class=\"elementor-section elementor-top-section elementor-element elementor-element-f61948a elementor-section-stretched elementor-section-boxed elementor-section-height-default elementor-section-height-default\" data-id=\"f61948a\" data-element_type=\"section\" data-settings=\"{&quot;stretch_section&quot;:&quot;section-stretched&quot;,&quot;background_background&quot;:&quot;classic&quot;}\">\n\t\t\t\t\t\t<div class=\"elementor-container elementor-column-gap-default\">\n\t\t\t\t\t\t\t<div class=\"elementor-row\">\n\t\t\t\t\t<div class=\"elementor-column elementor-col-100 elementor-top-column elementor-element elementor-element-15e771a\" data-id=\"15e771a\" data-element_type=\"column\">\n\t\t\t<div class=\"elementor-column-wrap elementor-element-populated\">\n\t\t\t\t\t\t\t<div class=\"elementor-widget-wrap\">\n\t\t\t\t\t\t<div class=\"elementor-element elementor-element-a0c6961 elementor-aspect-ratio-169 elementor-widget elementor-widget-video\" data-id=\"a0c6961\" data-element_type=\"widget\" data-settings=\"{&quot;aspect_ratio&quot;:&quot;169&quot;}\" data-widget_type=\"video.default\">\n\t\t\t\t<div class=\"elementor-widget-container\">\n\t\t\t\t\t<div class=\"elementor-wrapper elementor-fit-aspect-ratio elementor-open-inline\">\n\t\t\t<iframe class=\"elementor-video-iframe\" allowfullscreen title=\"Lecteur vid\u00e9o vimeo\" src=\"https:\/\/player.vimeo.com\/video\/723004079?color&amp;autopause=0&amp;loop=0&amp;muted=0&amp;title=1&amp;portrait=1&amp;byline=1#t=\"><\/iframe>\t\t<\/div>\n\t\t\t\t<\/div>\n\t\t\t\t<\/div>\n\t\t\t\t<div class=\"elementor-element elementor-element-962c892 elementor-widget elementor-widget-text-editor\" data-id=\"962c892\" data-element_type=\"widget\" data-widget_type=\"text-editor.default\">\n\t\t\t\t<div class=\"elementor-widget-container\">\n\t\t\t\t\t<div class=\"elementor-text-editor elementor-clearfix\"><div class=\"translate-bottom-75 opacity-animation transition-150 transition-delay-1500 text-center\">\n<div class=\"rtin-button\"><a class=\"button-gradient-1\" href=\"\/essai-gratuit-de-14-jours\">Essai gratuit de 14 jours<i class=\"flaticon-next\"><\/i><\/a><\/div>\n<\/div><\/div>\n\t\t\t\t<\/div>\n\t\t\t\t<\/div>\n\t\t\t\t\t\t<\/div>\n\t\t\t\t\t<\/div>\n\t\t<\/div>\n\t\t\t\t\t\t\t\t<\/div>\n\t\t\t\t\t<\/div>\n\t\t<\/section>\n\t\t\t\t<section class=\"elementor-section elementor-top-section elementor-element elementor-element-8eef5eb elementor-section-stretched elementor-section-boxed elementor-section-height-default elementor-section-height-default\" data-id=\"8eef5eb\" data-element_type=\"section\" data-settings=\"{&quot;stretch_section&quot;:&quot;section-stretched&quot;}\">\n\t\t\t\t\t\t<div class=\"elementor-container elementor-column-gap-default\">\n\t\t\t\t\t\t\t<div class=\"elementor-row\">\n\t\t\t\t\t<div class=\"elementor-column elementor-col-33 elementor-top-column elementor-element elementor-element-73d0277\" data-id=\"73d0277\" data-element_type=\"column\">\n\t\t\t<div class=\"elementor-column-wrap elementor-element-populated\">\n\t\t\t\t\t\t\t<div class=\"elementor-widget-wrap\">\n\t\t\t\t\t\t<div class=\"elementor-element elementor-element-de0ac64 elementor-widget elementor-widget-rt-contact-address\" data-id=\"de0ac64\" data-element_type=\"widget\" data-widget_type=\"rt-contact-address.default\">\n\t\t\t\t<div class=\"elementor-widget-container\">\n\t\t\t\n<div class=\"has-animation\">\n\t<div class=\"rtin-address-default light\">\n\t\t<div class=\"rtin-address-info\">\n\t\t\t\t\t\t\t\t\t\t<div class=\"rtin-address\">\n\t\t\t\t\t\t\t\t\t\t\t<div class=\"rtin-item translate-left-75 opacity-animation transition-150 transition-delay-100\">\n\t\t\t\t\t\t\t\t\t\t\t\t\t\t\t<div class=\"rtin-icon\"><i class=\"flaticon-mail\"><\/i><\/div>\n\t\t\t\t\t\t\t\t<div class=\"rtin-info\"><h3>Courriel et t\u00e9l\u00e9phone<\/h3><a href=\"mailto:support@utilmo.ca\">support@utilmo.ca<\/a><br><a href=\"tel:5143602187\">514-360-2187<\/a> <\/div>\n\t\t\t\t\t\t\t\t\t\t\t\t\t<\/div>\n\t\t\t\t\t\t\t\t\t\t\t<div class=\"rtin-item translate-left-75 opacity-animation transition-150 transition-delay-600\">\n\t\t\t\t\t\t\t\t\t\t\t\t\t\t\t<div class=\"rtin-icon\"><i class=\"flaticon-placeholder\"><\/i><\/div>\n\t\t\t\t\t\t\t\t<div class=\"rtin-info\"><h3>Notre emplacement<\/h3>3737 Cr\u00e9mazie-Est, #401 <br>Montr\u00e9al, Qc<br><\/div>\n\t\t\t\t\t\t\t\t\t\t\t\t\t<\/div>\n\t\t\t\t\t\t\t\t\t<\/div>\n\t\t\t\t\t<\/div>\n\t<\/div>\n<\/div>\t\t<\/div>\n\t\t\t\t<\/div>\n\t\t\t\t\t\t<\/div>\n\t\t\t\t\t<\/div>\n\t\t<\/div>\n\t\t\t\t<div class=\"elementor-column elementor-col-66 elementor-top-column elementor-element elementor-element-d60546f\" data-id=\"d60546f\" data-element_type=\"column\">\n\t\t\t<div class=\"elementor-column-wrap elementor-element-populated\">\n\t\t\t\t\t\t\t<div class=\"elementor-widget-wrap\">\n\t\t\t\t\t\t<div class=\"elementor-element elementor-element-5a6cbca elementor-widget elementor-widget-shortcode\" data-id=\"5a6cbca\" data-element_type=\"widget\" data-widget_type=\"shortcode.default\">\n\t\t\t\t<div class=\"elementor-widget-container\">\n\t\t\t\t\t<div class=\"elementor-shortcode\">\n<div class=\"wpcf7 no-js\" id=\"wpcf7-f4143-o1\" lang=\"en-US\" dir=\"ltr\">\n<div class=\"screen-reader-response\"><p role=\"status\" aria-live=\"polite\" aria-atomic=\"true\"><\/p> <ul><\/ul><\/div>\n<form action=\"\/fr\/wp-json\/wp\/v2\/pages\/5618#wpcf7-f4143-o1\" method=\"post\" class=\"wpcf7-form init\" aria-label=\"Contact form\" novalidate=\"novalidate\" data-status=\"init\">\n<div style=\"display: none;\">\n<input type=\"hidden\" name=\"_wpcf7\" value=\"4143\" \/>\n<input type=\"hidden\" name=\"_wpcf7_version\" value=\"5.9.8\" \/>\n<input type=\"hidden\" name=\"_wpcf7_locale\" value=\"en_US\" \/>\n<input type=\"hidden\" name=\"_wpcf7_unit_tag\" value=\"wpcf7-f4143-o1\" \/>\n<input type=\"hidden\" name=\"_wpcf7_container_post\" value=\"0\" \/>\n<input type=\"hidden\" name=\"_wpcf7_posted_data_hash\" value=\"\" \/>\n<input type=\"hidden\" name=\"_wpcf7_recaptcha_response\" value=\"\" \/>\n<\/div>\n<div class=\"contact-form\">\n<input class=\"wpcf7-form-control wpcf7-hidden\" value=\"FR\" type=\"hidden\" name=\"your-lang\" \/>\n\t<div class=\"row gutters-10\">\n\t\t<div class=\"col-sm-6\">\n\t\t\t<div class=\"form-group\">\n\t\t\t\t<p><span class=\"wpcf7-form-control-wrap\" data-name=\"your-name\"><input size=\"40\" maxlength=\"400\" class=\"wpcf7-form-control wpcf7-text wpcf7-validates-as-required form-control\" aria-required=\"true\" aria-invalid=\"false\" placeholder=\"Nom*\" value=\"\" type=\"text\" name=\"your-name\" \/><\/span>\n\t\t\t\t<\/p>\n\t\t\t<\/div>\n\t\t<\/div>\n\t\t<div class=\"col-sm-6\">\n\t\t\t<div class=\"form-group\">\n\t\t\t\t<p><span class=\"wpcf7-form-control-wrap\" data-name=\"your-phone\"><input size=\"40\" maxlength=\"400\" class=\"wpcf7-form-control wpcf7-tel wpcf7-validates-as-required wpcf7-text wpcf7-validates-as-tel form-control\" aria-required=\"true\" aria-invalid=\"false\" placeholder=\"Num\u00e9ro de T\u00e9l\u00e9phone*\" value=\"\" type=\"tel\" name=\"your-phone\" \/><\/span>\n\t\t\t\t<\/p>\n\t\t\t<\/div>\n\t\t<\/div>\n\t\t<div class=\"col-sm-12\">\n\t\t\t<div class=\"form-group\">\n\t\t\t\t<p><span class=\"wpcf7-form-control-wrap\" data-name=\"your-email\"><input size=\"40\" maxlength=\"400\" class=\"wpcf7-form-control wpcf7-email wpcf7-validates-as-required wpcf7-text wpcf7-validates-as-email form-control\" aria-required=\"true\" aria-invalid=\"false\" placeholder=\"Courriel*\" value=\"\" type=\"email\" name=\"your-email\" \/><\/span>\n\t\t\t\t<\/p>\n\t\t\t<\/div>\n\t\t<\/div>\n\t\t<div class=\"col-sm-12\">\n\t\t\t<div class=\"form-group\">\n\t\t\t\t<p><span class=\"wpcf7-form-control-wrap\" data-name=\"your-subject\"><input size=\"40\" maxlength=\"400\" class=\"wpcf7-form-control wpcf7-text wpcf7-validates-as-required form-control\" aria-required=\"true\" aria-invalid=\"false\" placeholder=\"Sujet*\" value=\"\" type=\"text\" name=\"your-subject\" \/><\/span>\n\t\t\t\t<\/p>\n\t\t\t<\/div>\n\t\t<\/div>\n\t\t<div class=\"col-sm-12\">\n\t\t\t<div class=\"form-group\">\n\t\t\t\t<p><span class=\"wpcf7-form-control-wrap\" data-name=\"your-message\"><textarea cols=\"40\" rows=\"5\" maxlength=\"2000\" class=\"wpcf7-form-control wpcf7-textarea form-control\" aria-invalid=\"false\" placeholder=\"Message\" name=\"your-message\"><\/textarea><\/span>\n\t\t\t\t<\/p>\n\t\t\t<\/div>\n\t\t<\/div>\n\t\t<div class=\"col-sm-12\">\n\t\t\t<div id=\"contact-us-button\" class=\"form-group text-left\">\n\t\t\t\t<p><button type=\"submit\" class=\"wpcf7-submit button-gradient-1 rectangular\">Envoyer Message<\/button>\n\t\t\t\t<\/p>\n\t\t\t<\/div>\n\t\t<\/div>\n\t\t<div class=\"col-sm-12\">\n\t\t<div class=\"wpcf7-response-output\" aria-hidden=\"true\"><\/div>\n\t\t<\/div>\n\t<\/div>\n<\/div>\n<\/form>\n<\/div>\n<\/div>\n\t\t\t\t<\/div>\n\t\t\t\t<\/div>\n\t\t\t\t\t\t<\/div>\n\t\t\t\t\t<\/div>\n\t\t<\/div>\n\t\t\t\t\t\t\t\t<\/div>\n\t\t\t\t\t<\/div>\n\t\t<\/section>\n\t\t\t\t\t\t<\/div>\n\t\t\t\t\t\t<\/div>\n\t\t\t\t\t<\/div>\n\t\t","protected":false},"excerpt":{"rendered":"<p>Essai gratuit de 14 jours Courriel et t\u00e9l\u00e9phone support@utilmo.ca514-360-2187 Notre emplacement 3737 Cr\u00e9mazie-Est, #401 Montr\u00e9al, Qc<\/p>\n","protected":false},"author":1,"featured_media":0,"parent":0,"menu_order":0,"comment_status":"closed","ping_status":"closed","template":"","meta":{"footnotes":""},"yoast_head":"<!-- This site is optimized with the Yoast SEO plugin v22.6 - https:\/\/yoast.com\/wordpress\/plugins\/seo\/ -->\n<title>D\u00e9mo | Utilmo<\/title>\n<meta name=\"robots\" content=\"index, follow, max-snippet:-1, max-image-preview:large, max-video-preview:-1\" \/>\n<link rel=\"canonical\" href=\"https:\/\/utilmo.com\/fr\/demo\/\" \/>\n<meta property=\"og:locale\" content=\"fr_FR\" \/>\n<meta property=\"og:type\" content=\"article\" \/>\n<meta property=\"og:title\" content=\"D\u00e9mo | Utilmo\" \/>\n<meta property=\"og:description\" content=\"Essai gratuit de 14 jours Courriel et t\u00e9l\u00e9phone support@utilmo.ca514-360-2187 Notre emplacement 3737 Cr\u00e9mazie-Est, #401 Montr\u00e9al, Qc\" \/>\n<meta property=\"og:url\" content=\"https:\/\/utilmo.com\/fr\/demo\/\" \/>\n<meta property=\"og:site_name\" content=\"Utilmo\" \/>\n<meta property=\"article:publisher\" content=\"https:\/\/www.facebook.com\/utilmocrm\" \/>\n<meta property=\"article:modified_time\" content=\"2022-09-15T19:54:16+00:00\" \/>\n<meta property=\"og:image\" content=\"https:\/\/utilmo.com\/wp-content\/uploads\/2024\/08\/logo_2024.png\" \/>\n\t<meta property=\"og:image:width\" content=\"300\" \/>\n\t<meta property=\"og:image:height\" content=\"90\" \/>\n\t<meta property=\"og:image:type\" content=\"image\/png\" \/>\n<meta name=\"twitter:card\" content=\"summary_large_image\" \/>\n<script type=\"application\/ld+json\" class=\"yoast-schema-graph\">{\"@context\":\"https:\/\/schema.org\",\"@graph\":[{\"@type\":\"WebPage\",\"@id\":\"https:\/\/utilmo.com\/fr\/demo\/\",\"url\":\"https:\/\/utilmo.com\/fr\/demo\/\",\"name\":\"D\u00e9mo | Utilmo\",\"isPartOf\":{\"@id\":\"https:\/\/utilmo.com\/fr\/#website\"},\"datePublished\":\"2022-05-13T21:43:14+00:00\",\"dateModified\":\"2022-09-15T19:54:16+00:00\",\"breadcrumb\":{\"@id\":\"https:\/\/utilmo.com\/fr\/demo\/#breadcrumb\"},\"inLanguage\":\"fr-FR\",\"potentialAction\":[{\"@type\":\"ReadAction\",\"target\":[\"https:\/\/utilmo.com\/fr\/demo\/\"]}]},{\"@type\":\"BreadcrumbList\",\"@id\":\"https:\/\/utilmo.com\/fr\/demo\/#breadcrumb\",\"itemListElement\":[{\"@type\":\"ListItem\",\"position\":1,\"name\":\"Home\",\"item\":\"https:\/\/utilmo.com\/fr\/\"},{\"@type\":\"ListItem\",\"position\":2,\"name\":\"D\u00e9mo\"}]},{\"@type\":\"WebSite\",\"@id\":\"https:\/\/utilmo.com\/fr\/#website\",\"url\":\"https:\/\/utilmo.com\/fr\/\",\"name\":\"Real Estate CRM - Utilmo\",\"description\":\"Real Estate CRM\",\"publisher\":{\"@id\":\"https:\/\/utilmo.com\/fr\/#organization\"},\"alternateName\":\"Utilmo\",\"potentialAction\":[{\"@type\":\"SearchAction\",\"target\":{\"@type\":\"EntryPoint\",\"urlTemplate\":\"https:\/\/utilmo.com\/fr\/?s={search_term_string}\"},\"query-input\":\"required name=search_term_string\"}],\"inLanguage\":\"fr-FR\"},{\"@type\":\"Organization\",\"@id\":\"https:\/\/utilmo.com\/fr\/#organization\",\"name\":\"Real Estate CRM - Utilmo\",\"alternateName\":\"Utilmo\",\"url\":\"https:\/\/utilmo.com\/fr\/\",\"logo\":{\"@type\":\"ImageObject\",\"inLanguage\":\"fr-FR\",\"@id\":\"https:\/\/utilmo.com\/fr\/#\/schema\/logo\/image\/\",\"url\":\"https:\/\/utilmo.com\/wp-content\/uploads\/2024\/08\/logo_2024.png\",\"contentUrl\":\"https:\/\/utilmo.com\/wp-content\/uploads\/2024\/08\/logo_2024.png\",\"width\":300,\"height\":90,\"caption\":\"Real Estate CRM - Utilmo\"},\"image\":{\"@id\":\"https:\/\/utilmo.com\/fr\/#\/schema\/logo\/image\/\"},\"sameAs\":[\"https:\/\/www.facebook.com\/utilmocrm\"]}]}<\/script>\n<!-- \/ Yoast SEO plugin. -->","yoast_head_json":{"title":"D\u00e9mo | Utilmo","robots":{"index":"index","follow":"follow","max-snippet":"max-snippet:-1","max-image-preview":"max-image-preview:large","max-video-preview":"max-video-preview:-1"},"canonical":"https:\/\/utilmo.com\/fr\/demo\/","og_locale":"fr_FR","og_type":"article","og_title":"D\u00e9mo | Utilmo","og_description":"Essai gratuit de 14 jours Courriel et t\u00e9l\u00e9phone support@utilmo.ca514-360-2187 Notre emplacement 3737 Cr\u00e9mazie-Est, #401 Montr\u00e9al, Qc","og_url":"https:\/\/utilmo.com\/fr\/demo\/","og_site_name":"Utilmo","article_publisher":"https:\/\/www.facebook.com\/utilmocrm","article_modified_time":"2022-09-15T19:54:16+00:00","og_image":[{"width":300,"height":90,"url":"https:\/\/utilmo.com\/wp-content\/uploads\/2024\/08\/logo_2024.png","type":"image\/png"}],"twitter_card":"summary_large_image","schema":{"@context":"https:\/\/schema.org","@graph":[{"@type":"WebPage","@id":"https:\/\/utilmo.com\/fr\/demo\/","url":"https:\/\/utilmo.com\/fr\/demo\/","name":"D\u00e9mo | Utilmo","isPartOf":{"@id":"https:\/\/utilmo.com\/fr\/#website"},"datePublished":"2022-05-13T21:43:14+00:00","dateModified":"2022-09-15T19:54:16+00:00","breadcrumb":{"@id":"https:\/\/utilmo.com\/fr\/demo\/#breadcrumb"},"inLanguage":"fr-FR","potentialAction":[{"@type":"ReadAction","target":["https:\/\/utilmo.com\/fr\/demo\/"]}]},{"@type":"BreadcrumbList","@id":"https:\/\/utilmo.com\/fr\/demo\/#breadcrumb","itemListElement":[{"@type":"ListItem","position":1,"name":"Home","item":"https:\/\/utilmo.com\/fr\/"},{"@type":"ListItem","position":2,"name":"D\u00e9mo"}]},{"@type":"WebSite","@id":"https:\/\/utilmo.com\/fr\/#website","url":"https:\/\/utilmo.com\/fr\/","name":"Real Estate CRM - Utilmo","description":"Real Estate CRM","publisher":{"@id":"https:\/\/utilmo.com\/fr\/#organization"},"alternateName":"Utilmo","potentialAction":[{"@type":"SearchAction","target":{"@type":"EntryPoint","urlTemplate":"https:\/\/utilmo.com\/fr\/?s={search_term_string}"},"query-input":"required name=search_term_string"}],"inLanguage":"fr-FR"},{"@type":"Organization","@id":"https:\/\/utilmo.com\/fr\/#organization","name":"Real Estate CRM - Utilmo","alternateName":"Utilmo","url":"https:\/\/utilmo.com\/fr\/","logo":{"@type":"ImageObject","inLanguage":"fr-FR","@id":"https:\/\/utilmo.com\/fr\/#\/schema\/logo\/image\/","url":"https:\/\/utilmo.com\/wp-content\/uploads\/2024\/08\/logo_2024.png","contentUrl":"https:\/\/utilmo.com\/wp-content\/uploads\/2024\/08\/logo_2024.png","width":300,"height":90,"caption":"Real Estate CRM - Utilmo"},"image":{"@id":"https:\/\/utilmo.com\/fr\/#\/schema\/logo\/image\/"},"sameAs":["https:\/\/www.facebook.com\/utilmocrm"]}]}},"_links":{"self":[{"href":"https:\/\/utilmo.com\/fr\/wp-json\/wp\/v2\/pages\/5618"}],"collection":[{"href":"https:\/\/utilmo.com\/fr\/wp-json\/wp\/v2\/pages"}],"about":[{"href":"https:\/\/utilmo.com\/fr\/wp-json\/wp\/v2\/types\/page"}],"author":[{"embeddable":true,"href":"https:\/\/utilmo.com\/fr\/wp-json\/wp\/v2\/users\/1"}],"replies":[{"embeddable":true,"href":"https:\/\/utilmo.com\/fr\/wp-json\/wp\/v2\/comments?post=5618"}],"version-history":[{"count":6,"href":"https:\/\/utilmo.com\/fr\/wp-json\/wp\/v2\/pages\/5618\/revisions"}],"predecessor-version":[{"id":5818,"href":"https:\/\/utilmo.com\/fr\/wp-json\/wp\/v2\/pages\/5618\/revisions\/5818"}],"wp:attachment":[{"href":"https:\/\/utilmo.com\/fr\/wp-json\/wp\/v2\/media?parent=5618"}],"curies":[{"name":"wp","href":"https:\/\/api.w.org\/{rel}","templated":true}]}}