{"id":8864,"date":"2024-09-13T20:26:45","date_gmt":"2024-09-13T20:26:45","guid":{"rendered":"https:\/\/utilmo.com\/?page_id=8864"},"modified":"2024-10-22T15:09:10","modified_gmt":"2024-10-22T15:09:10","slug":"planifier-une-demo","status":"publish","type":"page","link":"https:\/\/utilmo.com\/fr\/planifier-une-demo\/","title":{"rendered":"Planifier une d\u00e9mo"},"content":{"rendered":"\t\t<div data-elementor-type=\"wp-page\" data-elementor-id=\"8864\" class=\"elementor elementor-8864 elementor-8863\" data-elementor-settings=\"[]\">\n\t\t\t\t\t\t<div class=\"elementor-inner\">\n\t\t\t\t\t\t\t<div class=\"elementor-section-wrap\">\n\t\t\t\t\t\t\t<section class=\"elementor-section elementor-top-section elementor-element elementor-element-d9b2983 elementor-section-stretched elementor-section-boxed elementor-section-height-default elementor-section-height-default\" data-id=\"d9b2983\" data-element_type=\"section\" data-settings=\"{&quot;stretch_section&quot;:&quot;section-stretched&quot;,&quot;background_background&quot;:&quot;classic&quot;}\">\n\t\t\t\t\t\t<div class=\"elementor-container elementor-column-gap-default\">\n\t\t\t\t\t\t\t<div class=\"elementor-row\">\n\t\t\t\t\t<div class=\"elementor-column elementor-col-50 elementor-top-column elementor-element elementor-element-e0e372c\" data-id=\"e0e372c\" data-element_type=\"column\">\n\t\t\t<div class=\"elementor-column-wrap elementor-element-populated\">\n\t\t\t\t\t\t\t<div class=\"elementor-widget-wrap\">\n\t\t\t\t\t\t<div class=\"elementor-element elementor-element-196c584 text-left elementor-widget elementor-widget-rt-title\" data-id=\"196c584\" data-element_type=\"widget\" data-widget_type=\"rt-title.default\">\n\t\t\t\t<div class=\"elementor-widget-container\">\n\t\t\t<div class=\"section-default-style section-title-style2\">\n\t<div class=\"section-title-holder no-animation\">\t\n\t\t<div class=\"translate-bottom-50 opacity-animation transition-50 transition-delay-100\">\n\t\t\t\t\t<\/div>\n\t\t<div class=\"translate-bottom-50 opacity-animation transition-50 transition-delay-600\">\n\t\t\t<h2 class=\"rtin-title\">D\u00e9couvrez ce que <span style=\"color:#390064\">Utilmo<\/span> peut faire pour vous avec notre <span style=\"color:#390064\">d\u00e9mo<\/span><\/h2>\n\t\t<\/div>\n\t\t<div class=\"translate-bottom-50 opacity-animation transition-50 transition-delay-1100\">\n\t\t\t\t\t<\/div>\n\t<\/div>\n<\/div>\t\t<\/div>\n\t\t\t\t<\/div>\n\t\t\t\t<div class=\"elementor-element elementor-element-0ca8bde elementor-widget elementor-widget-text-editor\" data-id=\"0ca8bde\" data-element_type=\"widget\" data-widget_type=\"text-editor.default\">\n\t\t\t\t<div class=\"elementor-widget-container\">\n\t\t\t\t\t<div class=\"elementor-text-editor elementor-clearfix\"><p>Vous voulez en savoir plus sur Utilmo ? Regardez notre vid\u00e9o ou planifiez une d\u00e9monstration gratuite avec l&#8217;un de nos repr\u00e9sentants.<\/p><\/div>\n\t\t\t\t<\/div>\n\t\t\t\t<\/div>\n\t\t\t\t<div class=\"elementor-element elementor-element-c2bb2fa elementor-widget elementor-widget-text-editor\" data-id=\"c2bb2fa\" data-element_type=\"widget\" data-widget_type=\"text-editor.default\">\n\t\t\t\t<div class=\"elementor-widget-container\">\n\t\t\t\t\t<div class=\"elementor-text-editor elementor-clearfix\"><div class=\"translate-bottom-75 opacity-animation transition-150 transition-delay-1500\">\n<div class=\"rtin-button\"><a class=\"button-gradient-1 rectangular mb-3 mb-sm-0\" href=\"#plan-a-demo\">Planifier une d\u00e9mo<\/a><a class=\"button-gradient-1 rectangular ml-sm-3\" href=\"\/14-day-free-trial\/\">Essai gratuit<\/a><\/div>\n<\/div><\/div>\n\t\t\t\t<\/div>\n\t\t\t\t<\/div>\n\t\t\t\t\t\t<\/div>\n\t\t\t\t\t<\/div>\n\t\t<\/div>\n\t\t\t\t<div class=\"elementor-column elementor-col-50 elementor-top-column elementor-element elementor-element-9390e4b\" data-id=\"9390e4b\" data-element_type=\"column\">\n\t\t\t<div class=\"elementor-column-wrap elementor-element-populated\">\n\t\t\t\t\t\t\t<div class=\"elementor-widget-wrap\">\n\t\t\t\t\t\t<div class=\"elementor-element elementor-element-c4dec72 elementor-aspect-ratio-169 elementor-widget elementor-widget-video\" data-id=\"c4dec72\" data-element_type=\"widget\" data-settings=\"{&quot;aspect_ratio&quot;:&quot;169&quot;}\" data-widget_type=\"video.default\">\n\t\t\t\t<div class=\"elementor-widget-container\">\n\t\t\t\t\t<div class=\"elementor-wrapper elementor-fit-aspect-ratio elementor-open-inline\">\n\t\t\t<iframe class=\"elementor-video-iframe\" allowfullscreen title=\"Lecteur vid\u00e9o vimeo\" src=\"https:\/\/player.vimeo.com\/video\/723004079?color&amp;autopause=0&amp;loop=0&amp;muted=0&amp;title=1&amp;portrait=1&amp;byline=1#t=\"><\/iframe>\t\t<\/div>\n\t\t\t\t<\/div>\n\t\t\t\t<\/div>\n\t\t\t\t<div class=\"elementor-element elementor-element-5996641 elementor-widget elementor-widget-text-editor\" data-id=\"5996641\" data-element_type=\"widget\" id=\"watch-demo-arrow\" data-widget_type=\"text-editor.default\">\n\t\t\t\t<div class=\"elementor-widget-container\">\n\t\t\t\t\t<div class=\"elementor-text-editor elementor-clearfix\"><h4>Voir notre d\u00e9mo<\/h4><\/div>\n\t\t\t\t<\/div>\n\t\t\t\t<\/div>\n\t\t\t\t\t\t<\/div>\n\t\t\t\t\t<\/div>\n\t\t<\/div>\n\t\t\t\t\t\t\t\t<\/div>\n\t\t\t\t\t<\/div>\n\t\t<\/section>\n\t\t\t\t<section class=\"elementor-section elementor-top-section elementor-element elementor-element-2384870 elementor-section-stretched elementor-section-boxed elementor-section-height-default elementor-section-height-default\" data-id=\"2384870\" data-element_type=\"section\" data-settings=\"{&quot;stretch_section&quot;:&quot;section-stretched&quot;}\">\n\t\t\t\t\t\t<div class=\"elementor-container elementor-column-gap-default\">\n\t\t\t\t\t\t\t<div class=\"elementor-row\">\n\t\t\t\t\t<div class=\"elementor-column elementor-col-100 elementor-top-column elementor-element elementor-element-75fd936\" data-id=\"75fd936\" data-element_type=\"column\">\n\t\t\t<div class=\"elementor-column-wrap elementor-element-populated\">\n\t\t\t\t\t\t\t<div class=\"elementor-widget-wrap\">\n\t\t\t\t\t\t<div class=\"elementor-element elementor-element-c9a1913 elementor-widget elementor-widget-rt-title\" data-id=\"c9a1913\" data-element_type=\"widget\" id=\"plan-a-demo\" data-widget_type=\"rt-title.default\">\n\t\t\t\t<div class=\"elementor-widget-container\">\n\t\t\t<div class=\"section-default-style section-title-style2\">\n\t<div class=\"section-title-holder no-animation\">\t\n\t\t<div class=\"translate-bottom-50 opacity-animation transition-50 transition-delay-100\">\n\t\t\t\t\t<\/div>\n\t\t<div class=\"translate-bottom-50 opacity-animation transition-50 transition-delay-600\">\n\t\t\t<h2 class=\"rtin-title\">Planifier une d\u00e9mo<\/h2>\n\t\t<\/div>\n\t\t<div class=\"translate-bottom-50 opacity-animation transition-50 transition-delay-1100\">\n\t\t\t\t\t\t<p class=\"sub-text\">Voyez notre plateforme de vos propres yeux et d\u00e9couvrez comment elle peut r\u00e9pondre \u00e0 vos besoins ! R\u00e9servez d\u00e8s maintenant une session de d\u00e9monstration gratuite pour obtenir une assistance personnalis\u00e9e et des informations adapt\u00e9es \u00e0 vos besoins.<\/p>\n\t\t\t\t\t<\/div>\n\t<\/div>\n<\/div>\t\t<\/div>\n\t\t\t\t<\/div>\n\t\t\t\t<div class=\"elementor-element elementor-element-25e4d73 elementor-widget elementor-widget-html\" data-id=\"25e4d73\" data-element_type=\"widget\" data-widget_type=\"html.default\">\n\t\t\t\t<div class=\"elementor-widget-container\">\n\t\t\t<div class=\"calendly-inline-widget\" data-url=\"https:\/\/calendly.com\/utilmocrm\/30-minute-meeting-clone\" style=\"min-width:320px;height:700px;\"><\/div>\r\n<script type=\"text\/javascript\" src=\"https:\/\/assets.calendly.com\/assets\/external\/widget.js\" async><\/script>\t\t<\/div>\n\t\t\t\t<\/div>\n\t\t\t\t\t\t<\/div>\n\t\t\t\t\t<\/div>\n\t\t<\/div>\n\t\t\t\t\t\t\t\t<\/div>\n\t\t\t\t\t<\/div>\n\t\t<\/section>\n\t\t\t\t\t\t<\/div>\n\t\t\t\t\t\t<\/div>\n\t\t\t\t\t<\/div>\n\t\t","protected":false},"excerpt":{"rendered":"<p>D\u00e9couvrez ce que Utilmo peut faire pour vous avec notre d\u00e9mo Vous voulez en savoir plus sur Utilmo ? Regardez notre vid\u00e9o ou planifiez une d\u00e9monstration gratuite avec l&#8217;un de nos repr\u00e9sentants. Planifier une d\u00e9moEssai gratuit https:\/\/vimeo.com\/723004079 Voir notre d\u00e9mo Planifier une d\u00e9mo Voyez notre plateforme de vos propres yeux et d\u00e9couvrez comment elle peut [&hellip;]<\/p>\n","protected":false},"author":1,"featured_media":0,"parent":0,"menu_order":0,"comment_status":"closed","ping_status":"closed","template":"","meta":{"footnotes":""},"yoast_head":"<!-- This site is optimized with the Yoast SEO plugin v22.6 - https:\/\/yoast.com\/wordpress\/plugins\/seo\/ -->\n<title>Planifier une d\u00e9mo | Utilmo<\/title>\n<meta name=\"robots\" content=\"index, follow, max-snippet:-1, max-image-preview:large, max-video-preview:-1\" \/>\n<link rel=\"canonical\" href=\"https:\/\/utilmo.com\/fr\/planifier-une-demo\/\" \/>\n<meta property=\"og:locale\" content=\"fr_FR\" \/>\n<meta property=\"og:type\" content=\"article\" \/>\n<meta property=\"og:title\" content=\"Planifier une d\u00e9mo | Utilmo\" \/>\n<meta property=\"og:description\" content=\"D\u00e9couvrez ce que Utilmo peut faire pour vous avec notre d\u00e9mo Vous voulez en savoir plus sur Utilmo ? Regardez notre vid\u00e9o ou planifiez une d\u00e9monstration gratuite avec l&#8217;un de nos repr\u00e9sentants. Planifier une d\u00e9moEssai gratuit https:\/\/vimeo.com\/723004079 Voir notre d\u00e9mo Planifier une d\u00e9mo Voyez notre plateforme de vos propres yeux et d\u00e9couvrez comment elle peut [&hellip;]\" \/>\n<meta property=\"og:url\" content=\"https:\/\/utilmo.com\/fr\/planifier-une-demo\/\" \/>\n<meta property=\"og:site_name\" content=\"Utilmo\" \/>\n<meta property=\"article:publisher\" content=\"https:\/\/www.facebook.com\/utilmocrm\" \/>\n<meta property=\"article:modified_time\" content=\"2024-10-22T15:09:10+00:00\" \/>\n<meta property=\"og:image\" content=\"https:\/\/utilmo.com\/wp-content\/uploads\/2024\/08\/logo_2024.png\" \/>\n\t<meta property=\"og:image:width\" content=\"300\" \/>\n\t<meta property=\"og:image:height\" content=\"90\" \/>\n\t<meta property=\"og:image:type\" content=\"image\/png\" \/>\n<meta name=\"twitter:card\" content=\"summary_large_image\" \/>\n<meta name=\"twitter:label1\" content=\"Dur\u00e9e de lecture estim\u00e9e\" \/>\n\t<meta name=\"twitter:data1\" content=\"1 minute\" \/>\n<script type=\"application\/ld+json\" class=\"yoast-schema-graph\">{\"@context\":\"https:\/\/schema.org\",\"@graph\":[{\"@type\":\"WebPage\",\"@id\":\"https:\/\/utilmo.com\/fr\/planifier-une-demo\/\",\"url\":\"https:\/\/utilmo.com\/fr\/planifier-une-demo\/\",\"name\":\"Planifier une d\u00e9mo | Utilmo\",\"isPartOf\":{\"@id\":\"https:\/\/utilmo.com\/fr\/#website\"},\"datePublished\":\"2024-09-13T20:26:45+00:00\",\"dateModified\":\"2024-10-22T15:09:10+00:00\",\"breadcrumb\":{\"@id\":\"https:\/\/utilmo.com\/fr\/planifier-une-demo\/#breadcrumb\"},\"inLanguage\":\"fr-FR\",\"potentialAction\":[{\"@type\":\"ReadAction\",\"target\":[\"https:\/\/utilmo.com\/fr\/planifier-une-demo\/\"]}]},{\"@type\":\"BreadcrumbList\",\"@id\":\"https:\/\/utilmo.com\/fr\/planifier-une-demo\/#breadcrumb\",\"itemListElement\":[{\"@type\":\"ListItem\",\"position\":1,\"name\":\"Home\",\"item\":\"https:\/\/utilmo.com\/fr\/\"},{\"@type\":\"ListItem\",\"position\":2,\"name\":\"Planifier une d\u00e9mo\"}]},{\"@type\":\"WebSite\",\"@id\":\"https:\/\/utilmo.com\/fr\/#website\",\"url\":\"https:\/\/utilmo.com\/fr\/\",\"name\":\"Real Estate CRM - Utilmo\",\"description\":\"Real Estate CRM\",\"publisher\":{\"@id\":\"https:\/\/utilmo.com\/fr\/#organization\"},\"alternateName\":\"Utilmo\",\"potentialAction\":[{\"@type\":\"SearchAction\",\"target\":{\"@type\":\"EntryPoint\",\"urlTemplate\":\"https:\/\/utilmo.com\/fr\/?s={search_term_string}\"},\"query-input\":\"required name=search_term_string\"}],\"inLanguage\":\"fr-FR\"},{\"@type\":\"Organization\",\"@id\":\"https:\/\/utilmo.com\/fr\/#organization\",\"name\":\"Real Estate CRM - Utilmo\",\"alternateName\":\"Utilmo\",\"url\":\"https:\/\/utilmo.com\/fr\/\",\"logo\":{\"@type\":\"ImageObject\",\"inLanguage\":\"fr-FR\",\"@id\":\"https:\/\/utilmo.com\/fr\/#\/schema\/logo\/image\/\",\"url\":\"https:\/\/utilmo.com\/wp-content\/uploads\/2024\/08\/logo_2024.png\",\"contentUrl\":\"https:\/\/utilmo.com\/wp-content\/uploads\/2024\/08\/logo_2024.png\",\"width\":300,\"height\":90,\"caption\":\"Real Estate CRM - Utilmo\"},\"image\":{\"@id\":\"https:\/\/utilmo.com\/fr\/#\/schema\/logo\/image\/\"},\"sameAs\":[\"https:\/\/www.facebook.com\/utilmocrm\"]}]}<\/script>\n<!-- \/ Yoast SEO plugin. -->","yoast_head_json":{"title":"Planifier une d\u00e9mo | Utilmo","robots":{"index":"index","follow":"follow","max-snippet":"max-snippet:-1","max-image-preview":"max-image-preview:large","max-video-preview":"max-video-preview:-1"},"canonical":"https:\/\/utilmo.com\/fr\/planifier-une-demo\/","og_locale":"fr_FR","og_type":"article","og_title":"Planifier une d\u00e9mo | Utilmo","og_description":"D\u00e9couvrez ce que Utilmo peut faire pour vous avec notre d\u00e9mo Vous voulez en savoir plus sur Utilmo ? Regardez notre vid\u00e9o ou planifiez une d\u00e9monstration gratuite avec l&#8217;un de nos repr\u00e9sentants. Planifier une d\u00e9moEssai gratuit https:\/\/vimeo.com\/723004079 Voir notre d\u00e9mo Planifier une d\u00e9mo Voyez notre plateforme de vos propres yeux et d\u00e9couvrez comment elle peut [&hellip;]","og_url":"https:\/\/utilmo.com\/fr\/planifier-une-demo\/","og_site_name":"Utilmo","article_publisher":"https:\/\/www.facebook.com\/utilmocrm","article_modified_time":"2024-10-22T15:09:10+00:00","og_image":[{"width":300,"height":90,"url":"https:\/\/utilmo.com\/wp-content\/uploads\/2024\/08\/logo_2024.png","type":"image\/png"}],"twitter_card":"summary_large_image","twitter_misc":{"Dur\u00e9e de lecture estim\u00e9e":"1 minute"},"schema":{"@context":"https:\/\/schema.org","@graph":[{"@type":"WebPage","@id":"https:\/\/utilmo.com\/fr\/planifier-une-demo\/","url":"https:\/\/utilmo.com\/fr\/planifier-une-demo\/","name":"Planifier une d\u00e9mo | Utilmo","isPartOf":{"@id":"https:\/\/utilmo.com\/fr\/#website"},"datePublished":"2024-09-13T20:26:45+00:00","dateModified":"2024-10-22T15:09:10+00:00","breadcrumb":{"@id":"https:\/\/utilmo.com\/fr\/planifier-une-demo\/#breadcrumb"},"inLanguage":"fr-FR","potentialAction":[{"@type":"ReadAction","target":["https:\/\/utilmo.com\/fr\/planifier-une-demo\/"]}]},{"@type":"BreadcrumbList","@id":"https:\/\/utilmo.com\/fr\/planifier-une-demo\/#breadcrumb","itemListElement":[{"@type":"ListItem","position":1,"name":"Home","item":"https:\/\/utilmo.com\/fr\/"},{"@type":"ListItem","position":2,"name":"Planifier une d\u00e9mo"}]},{"@type":"WebSite","@id":"https:\/\/utilmo.com\/fr\/#website","url":"https:\/\/utilmo.com\/fr\/","name":"Real Estate CRM - Utilmo","description":"Real Estate CRM","publisher":{"@id":"https:\/\/utilmo.com\/fr\/#organization"},"alternateName":"Utilmo","potentialAction":[{"@type":"SearchAction","target":{"@type":"EntryPoint","urlTemplate":"https:\/\/utilmo.com\/fr\/?s={search_term_string}"},"query-input":"required name=search_term_string"}],"inLanguage":"fr-FR"},{"@type":"Organization","@id":"https:\/\/utilmo.com\/fr\/#organization","name":"Real Estate CRM - Utilmo","alternateName":"Utilmo","url":"https:\/\/utilmo.com\/fr\/","logo":{"@type":"ImageObject","inLanguage":"fr-FR","@id":"https:\/\/utilmo.com\/fr\/#\/schema\/logo\/image\/","url":"https:\/\/utilmo.com\/wp-content\/uploads\/2024\/08\/logo_2024.png","contentUrl":"https:\/\/utilmo.com\/wp-content\/uploads\/2024\/08\/logo_2024.png","width":300,"height":90,"caption":"Real Estate CRM - Utilmo"},"image":{"@id":"https:\/\/utilmo.com\/fr\/#\/schema\/logo\/image\/"},"sameAs":["https:\/\/www.facebook.com\/utilmocrm"]}]}},"_links":{"self":[{"href":"https:\/\/utilmo.com\/fr\/wp-json\/wp\/v2\/pages\/8864"}],"collection":[{"href":"https:\/\/utilmo.com\/fr\/wp-json\/wp\/v2\/pages"}],"about":[{"href":"https:\/\/utilmo.com\/fr\/wp-json\/wp\/v2\/types\/page"}],"author":[{"embeddable":true,"href":"https:\/\/utilmo.com\/fr\/wp-json\/wp\/v2\/users\/1"}],"replies":[{"embeddable":true,"href":"https:\/\/utilmo.com\/fr\/wp-json\/wp\/v2\/comments?post=8864"}],"version-history":[{"count":13,"href":"https:\/\/utilmo.com\/fr\/wp-json\/wp\/v2\/pages\/8864\/revisions"}],"predecessor-version":[{"id":9252,"href":"https:\/\/utilmo.com\/fr\/wp-json\/wp\/v2\/pages\/8864\/revisions\/9252"}],"wp:attachment":[{"href":"https:\/\/utilmo.com\/fr\/wp-json\/wp\/v2\/media?parent=8864"}],"curies":[{"name":"wp","href":"https:\/\/api.w.org\/{rel}","templated":true}]}}